{"id":37,"date":"2012-08-19T00:33:15","date_gmt":"2012-08-19T00:33:15","guid":{"rendered":"https:\/\/curso.mirop.dev.br\/?page_id=37"},"modified":"2025-11-26T20:34:45","modified_gmt":"2025-11-26T23:34:45","slug":"radio-escuta","status":"publish","type":"page","link":"https:\/\/curso.mirop.dev.br\/?page_id=37","title":{"rendered":"Radio-Escuta"},"content":{"rendered":"<hr \/>\n<p style=\"text-align: justify;\"><span style=\"color: #000000;\"><strong>RADIO-ESCUTAS ou OUVINTES DE R\u00c1DIO<\/strong><\/span><\/p>\n<p style=\"text-align: justify;\"><span style=\"color: #000000;\">Na categoria gen\u00e9rica e imprecisa de \u201cRadio-Escutas\u201d podem estar enquadradas todas e quaisquer pessoas que ou\u00e7am o r\u00e1dio: o ouvinte de uma emissora local, o empregado de uma esta\u00e7\u00e3o que tem por tarefa ouvir as concorrentes, o monitor de radio internacional, o Radioamador (quando escuta seu r\u00e1dio), o promotor de testes de equipamentos de r\u00e1dio e antenas, o Dexista e at\u00e9 mesmo aqueles que se dedicam a ouvir sinais de r\u00e1dio provenientes de fontes t\u00e3o ex\u00f3ticas como os morcegos. Ou seja, o r\u00e1dio-escuta\u00a0 \u00e9 o ouvinte de r\u00e1dio em sentido amplo, tal como o termo em si mesmo sugere.<\/span><\/p>\n<p style=\"text-align: justify;\"><span style=\"color: #000000;\">No Brasil, para as emissoras de radiodifus\u00e3o, radio-escuta tinha um sentido mais espec\u00edfico: servia para designar um compartimento da esta\u00e7\u00e3o, uma \u201cSala de Radio Escuta\u201d onde um estagi\u00e1rio ou funcion\u00e1rio em in\u00edcio de carreira, acompanhava atrav\u00e9s do r\u00e1dio os resultados dos jogos internacionais, as noticias pelas grandes emissoras de Ondas Curtas ou at\u00e9 mesmo ouvia esta\u00e7\u00f5es concorrentes em busca de informa\u00e7\u00f5es; isso num tempo em que a telefonia n\u00e3o funcionava a contento, era cara e n\u00e3o havia ainda a Internet. Atualmente, nas \u201cSalas de R\u00e1dio-escuta\u201d sobreviventes, os receptores foram desativados e substitu\u00eddos pela Internet. Provavelmente os servi\u00e7os de \u201cescuta de r\u00e1dio\u201d ainda sobrevivam nas grandes ag\u00eancias de intelig\u00eancia e nas emissoras internacionais de porte &#8211; tipo BBC Monitoring Service \u2013 e se destinam \u00e0 coleta de informa\u00e7\u00f5es provenientes de regi\u00f5es do mundo que estejam em conflito onde, por ventura, os outros meios de comunica\u00e7\u00e3o possam estar comprometidos.<\/span><\/p>\n<p style=\"text-align: justify;\"><span style=\"color: #000000;\"><a href=\"https:\/\/curso.mirop.dev.br\/wp-content\/uploads\/2014\/08\/image007.jpg\"><span style=\"color: #000000;\"><img loading=\"lazy\" decoding=\"async\" class=\"alignnone wp-image-70\" src=\"https:\/\/curso.mirop.dev.br\/wp-content\/uploads\/2014\/08\/image007-300x231.jpg\" alt=\"image007\" width=\"540\" height=\"416\" srcset=\"https:\/\/curso.mirop.dev.br\/wp-content\/uploads\/2014\/08\/image007-300x231.jpg 300w, https:\/\/curso.mirop.dev.br\/wp-content\/uploads\/2014\/08\/image007.jpg 368w\" sizes=\"auto, (max-width: 540px) 100vw, 540px\" \/><\/span><\/a><\/span><\/p>\n<p style=\"text-align: justify;\"><span style=\"color: #000000;\">acesse a SWARL: <span style=\"color: #ff0000;\"><a style=\"color: #ff0000;\" href=\"http:\/\/www.swarl.org\/\" target=\"_blank\">http:\/\/www.swarl.org\/<\/a><\/span><\/span><\/p>\n<p style=\"text-align: justify;\"><span style=\"color: #000000;\">Fonte: <span style=\"color: #ff0000;\"><a style=\"color: #ff0000;\" href=\"http:\/\/www.sarmento.eng.br\/Radioescuta_DX.htm\" target=\"_blank\">http:\/\/www.sarmento.eng.br\/Radioescuta_DX.htm<\/a><\/span><\/span><\/p>\n<div id=\"icpbravoaccess_loaded\"><\/div>\n","protected":false},"excerpt":{"rendered":"<p>RADIO-ESCUTAS ou OUVINTES DE R\u00c1DIO Na categoria gen\u00e9rica e imprecisa de \u201cRadio-Escutas\u201d podem estar enquadradas todas e quaisquer pessoas que ou\u00e7am o r\u00e1dio: o ouvinte de uma emissora local, o empregado de uma esta\u00e7\u00e3o que tem por tarefa ouvir as concorrentes, o monitor de radio internacional, o Radioamador (quando escuta seu r\u00e1dio), o promotor de [&hellip;]<\/p>\n","protected":false},"author":2,"featured_media":0,"parent":0,"menu_order":0,"comment_status":"open","ping_status":"open","template":"","meta":{"footnotes":""},"class_list":["post-37","page","type-page","status-publish","hentry"],"_links":{"self":[{"href":"https:\/\/curso.mirop.dev.br\/index.php?rest_route=\/wp\/v2\/pages\/37","targetHints":{"allow":["GET"]}}],"collection":[{"href":"https:\/\/curso.mirop.dev.br\/index.php?rest_route=\/wp\/v2\/pages"}],"about":[{"href":"https:\/\/curso.mirop.dev.br\/index.php?rest_route=\/wp\/v2\/types\/page"}],"author":[{"embeddable":true,"href":"https:\/\/curso.mirop.dev.br\/index.php?rest_route=\/wp\/v2\/users\/2"}],"replies":[{"embeddable":true,"href":"https:\/\/curso.mirop.dev.br\/index.php?rest_route=%2Fwp%2Fv2%2Fcomments&post=37"}],"version-history":[{"count":13,"href":"https:\/\/curso.mirop.dev.br\/index.php?rest_route=\/wp\/v2\/pages\/37\/revisions"}],"predecessor-version":[{"id":422,"href":"https:\/\/curso.mirop.dev.br\/index.php?rest_route=\/wp\/v2\/pages\/37\/revisions\/422"}],"wp:attachment":[{"href":"https:\/\/curso.mirop.dev.br\/index.php?rest_route=%2Fwp%2Fv2%2Fmedia&parent=37"}],"curies":[{"name":"wp","href":"https:\/\/api.w.org\/{rel}","templated":true}]}}