{"id":35,"date":"2012-08-19T00:31:41","date_gmt":"2012-08-19T00:31:41","guid":{"rendered":"https:\/\/curso.mirop.dev.br\/?page_id=35"},"modified":"2025-11-02T20:10:06","modified_gmt":"2025-11-02T23:10:06","slug":"o-codigo-morse","status":"publish","type":"page","link":"https:\/\/curso.mirop.dev.br\/?page_id=35","title":{"rendered":"C\u00f3digo Morse"},"content":{"rendered":"<hr \/>\n<p style=\"text-align: justify;\"><span style=\"color: #000000;\"><strong>C\u00f3digo Morse<\/strong> \u00e9 uma linguagem que usa dois sons de diferentes tamanhos de simples tom, em v\u00e1rias combina\u00e7\u00f5es, para representar todos os caracteres do alfabeto Morse. Estes dois tons s\u00e3o distinguidos pelo seu tamanho, um &#8220;curto&#8221; e o outro longo. O tom curto \u00e9 foneticamente referido como &#8220;DIT&#8221;, e tom longo como um &#8220;DAH&#8221;. &#8220;DIT&#8221; \u00e9 usualmente escrito como &#8220;DI&#8221; quando ele n\u00e3o \u00e9 o \u00faltimo elemento do caracter. Voc\u00ea pode muitas vezes ver o curto representado como um &#8220;.&#8221; (dot) final e o longo como &#8220;-&#8221; (dash), mas ele \u00e9 comumente combinado por aqueles que usam estes s\u00edmbolos encorajando um acesso visual ao c\u00f3digo, os quais lentamente aprendem o c\u00f3digo. Voc\u00ea nunca deve julgar o c\u00f3digo como dis e das ou escrever ele daquela maneira!<\/span><\/p>\n<p style=\"text-align: justify;\"><span style=\"color: #000000;\">O c\u00f3digo Morse original, usado em linhas terrestres de tel\u00e9grafo, era representado por combina\u00e7\u00f5es de peri\u00f3dicos clicks. Entretanto, quando o r\u00e1dio chegou, o c\u00f3digo foi revisado para usar tons os quais s\u00e3o mais apropriados para uso no r\u00e1dio. O c\u00f3digo Morse que \u00e9 usado nas linhas telegr\u00e1ficas terrestres \u00e9 chamado de The American Morse Code, mas o c\u00f3digo agora comumente usado no r\u00e1dio \u00e9 chamado de International Morse code.<\/span><\/p>\n<p style=\"text-align: left;\"><span style=\"color: #000000;\">Veja a Tabela dos C\u00f3digos Morse clicando aqui: <a style=\"color: #000000;\" href=\"https:\/\/curso.mirop.dev.br\/tabelamorse.html\" target=\"_blank\">https:\/\/curso.mirop.dev.br\/tabelamorse.html<\/a><\/span><\/p>\n<p style=\"text-align: left;\"><span style=\"color: #000000;\"><strong>&#8230; _ _ _ &#8230;\u00a0\u00a0\u00a0\u00a0\u00a0\u00a0\u00a0 &#8230; _ _ _ &#8230;\u00a0\u00a0\u00a0\u00a0\u00a0\u00a0\u00a0 &#8230; _ _ _ &#8230;\u00a0\u00a0\u00a0\u00a0\u00a0\u00a0\u00a0 &#8230; _ _ _ &#8230;\u00a0\u00a0\u00a0\u00a0\u00a0\u00a0\u00a0 &#8230; _ _ _ &#8230;\u00a0\u00a0\u00a0\u00a0\u00a0\u00a0\u00a0 &#8230; _ _ _ &#8230;<\/strong><\/span><\/p>\n<p style=\"text-align: left;\"><span style=\"color: #000000;\"><a style=\"color: #000000;\" href=\"https:\/\/curso.mirop.dev.br\/wp-content\/uploads\/2012\/08\/morse.jpg\"><img loading=\"lazy\" decoding=\"async\" class=\"alignleft wp-image-174 size-medium\" src=\"https:\/\/curso.mirop.dev.br\/wp-content\/uploads\/2012\/08\/morse-300x156.jpg\" alt=\"morse\" width=\"300\" height=\"156\" srcset=\"https:\/\/curso.mirop.dev.br\/wp-content\/uploads\/2012\/08\/morse-300x156.jpg 300w, https:\/\/curso.mirop.dev.br\/wp-content\/uploads\/2012\/08\/morse.jpg 400w\" sizes=\"auto, (max-width: 300px) 100vw, 300px\" \/><\/a><\/span><\/p>\n<p style=\"text-align: left;\"><span style=\"color: #000000;\"><strong>Para treinar<\/strong>:\u00a0\u00a0 <a style=\"color: #000000;\" href=\"http:\/\/www.py2gw.qsl.br\/py2gw\/?p=75\" target=\"_blank\">http:\/\/www.py2gw.qsl.br\/py2gw\/?p=75<\/a><\/span><\/p>\n<p style=\"text-align: left;\"><span style=\"color: #000000;\"><strong>Estudos complementares<\/strong>:<\/span><\/p>\n<p style=\"text-align: left;\"><span style=\"color: #000000;\">Excelente Curso de CW (m\u00e9todo auditivo): <a style=\"color: #000000;\" href=\"http:\/\/grupocdr.com.br\/2017\/06\/30\/curso-de-cw-metodo-auditivo-py2lcd\/\" target=\"_blank\">http:\/\/grupocdr.com.br\/cdcw.html<\/a><\/span><\/p>\n<p style=\"text-align: left;\"><span style=\"color: #000000;\">A arte do CW &#8211; <a style=\"color: #000000;\" href=\"http:\/\/www.arpapr.org.br\/files\/manuais\/A%20Arte%20e%20a%20Habilidade%20da%20Radiotelegrafia%20-%20N0HFF.pdf\" target=\"_blank\">autor N0HFF<\/a><\/span><\/p>\n<p style=\"text-align: left;\"><span style=\"color: #000000;\">Curso do Tino (SK) PT7AA<\/span>:\u00a0<span style=\"color: #000000;\"><a style=\"color: #000000;\" href=\"https:\/\/qtc.ecra.club\/2020\/06\/curso-cw-tino-pt7aa.html\" target=\"_blank\">https:\/\/qtc.ecra.club\/2020\/06\/curso-cw-tino-pt7aa.html<\/a><\/span><\/p>\n<p style=\"text-align: left;\"><span style=\"color: #000000;\">Abreviaturas \u2013 Phillips Code: <a style=\"color: #000000;\" href=\"https:\/\/curso.mirop.dev.br\/abreviaturas.pdf\" target=\"_blank\">https:\/\/curso.mirop.dev.br\/abreviaturas.pdf<\/a><\/span><\/p>\n<p style=\"text-align: left;\"><span style=\"color: #000000;\">Sinais comuns, como 73 (cumprimentos): <a style=\"color: #000000;\" href=\"https:\/\/curso.mirop.dev.br\/sinais.pdf\" target=\"_blank\">https:\/\/curso.mirop.dev.br\/sinais.pdf<\/a><\/span><\/p>\n<p style=\"text-align: left;\"><span style=\"color: #000000;\">Antiga publica\u00e7\u00e3o do Morse Telegraph Club: <a style=\"color: #000000;\" href=\"https:\/\/curso.mirop.dev.br\/morse.pdf\" target=\"_blank\">https:\/\/curso.mirop.dev.br\/morse.pdf<\/a><\/span><\/p>\n<p style=\"text-align: left;\"><span style=\"color: #000000;\"><strong>Fontes<\/strong>:<\/span><\/p>\n<p style=\"text-align: left;\"><span style=\"color: #000000;\"><a style=\"color: #000000;\" href=\"http:\/\/py2mok.tripod.com\/leo-morse.htm\" target=\"_blank\">http:\/\/py2mok.tripod.com\/leo-morse.htm<\/a><\/span><\/p>\n<p style=\"text-align: left;\"><span style=\"color: #000000;\"><a style=\"color: #000000;\" href=\"http:\/\/www.ancruzeiros.pt\/ancmorse.html\" target=\"_blank\">http:\/\/www.ancruzeiros.pt\/ancmorse.html<\/a><\/span><\/p>\n<p style=\"text-align: left;\"><span style=\"color: #000000;\"><a style=\"color: #000000;\" href=\"http:\/\/www.qsl.net\/py2lfa\/\" target=\"_blank\">http:\/\/www.qsl.net\/py2lfa\/<\/a><\/span><\/p>\n<div id=\"icpbravoaccess_loaded\"><\/div>\n<div id=\"acfifjfajpekbmhmjppnmmjgmhjkildl\" class=\"acfifjfajpekbmhmjppnmmjgmhjkildl\"><\/div>\n<div id=\"icpbravoaccess_loaded\"><\/div>\n<div id=\"acfifjfajpekbmhmjppnmmjgmhjkildl\" class=\"acfifjfajpekbmhmjppnmmjgmhjkildl\"><\/div>\n<div id=\"icpbravoaccess_loaded\"><\/div>\n","protected":false},"excerpt":{"rendered":"<p>C\u00f3digo Morse \u00e9 uma linguagem que usa dois sons de diferentes tamanhos de simples tom, em v\u00e1rias combina\u00e7\u00f5es, para representar todos os caracteres do alfabeto Morse. Estes dois tons s\u00e3o distinguidos pelo seu tamanho, um &#8220;curto&#8221; e o outro longo. O tom curto \u00e9 foneticamente referido como &#8220;DIT&#8221;, e tom longo como um &#8220;DAH&#8221;. &#8220;DIT&#8221; [&hellip;]<\/p>\n","protected":false},"author":2,"featured_media":0,"parent":0,"menu_order":0,"comment_status":"open","ping_status":"open","template":"","meta":{"footnotes":""},"class_list":["post-35","page","type-page","status-publish","hentry"],"_links":{"self":[{"href":"https:\/\/curso.mirop.dev.br\/index.php?rest_route=\/wp\/v2\/pages\/35","targetHints":{"allow":["GET"]}}],"collection":[{"href":"https:\/\/curso.mirop.dev.br\/index.php?rest_route=\/wp\/v2\/pages"}],"about":[{"href":"https:\/\/curso.mirop.dev.br\/index.php?rest_route=\/wp\/v2\/types\/page"}],"author":[{"embeddable":true,"href":"https:\/\/curso.mirop.dev.br\/index.php?rest_route=\/wp\/v2\/users\/2"}],"replies":[{"embeddable":true,"href":"https:\/\/curso.mirop.dev.br\/index.php?rest_route=%2Fwp%2Fv2%2Fcomments&post=35"}],"version-history":[{"count":24,"href":"https:\/\/curso.mirop.dev.br\/index.php?rest_route=\/wp\/v2\/pages\/35\/revisions"}],"predecessor-version":[{"id":403,"href":"https:\/\/curso.mirop.dev.br\/index.php?rest_route=\/wp\/v2\/pages\/35\/revisions\/403"}],"wp:attachment":[{"href":"https:\/\/curso.mirop.dev.br\/index.php?rest_route=%2Fwp%2Fv2%2Fmedia&parent=35"}],"curies":[{"name":"wp","href":"https:\/\/api.w.org\/{rel}","templated":true}]}}