{"id":32,"date":"2012-08-19T00:29:14","date_gmt":"2012-08-19T00:29:14","guid":{"rendered":"https:\/\/curso.mirop.dev.br\/?page_id=32"},"modified":"2025-11-02T20:06:15","modified_gmt":"2025-11-02T23:06:15","slug":"simulados","status":"publish","type":"page","link":"https:\/\/curso.mirop.dev.br\/?page_id=32","title":{"rendered":"Simulados de Exames online"},"content":{"rendered":"<hr \/>\n<p><span style=\"color: #ff0000;\"><strong>ATEN\u00c7\u00c3O: EST\u00c1 EM MUDAN\u00c7A A LEGISLA\u00c7\u00c3O da Anatel &#8211; Aguardem!<\/strong><\/span><\/p>\n<p><span style=\"color: #ff0000;\"><strong style=\"font-size: 1rem; color: #000000;\"><a style=\"color: #ff0000;\" href=\"https:\/\/curso.mirop.dev.br\/?page_id=28\" target=\"_blank\">Veja a legisla\u00e7\u00e3o completa aqui<\/a><\/strong><\/span><\/p>\n<p><strong style=\"font-size: 1rem; color: #000000;\">Testes para Radioamador<\/strong><span style=\"font-size: 1rem; color: #000000;\">. Cortesia da LABRE \u2013 BA.<\/span><\/p>\n<p><span style=\"color: #000000;\"><a href=\"http:\/\/www.labre-ba.org.br\/?page_id=65\" target=\"_blank\"><span style=\"color: #000000;\">http:\/\/www.labre-ba.org.br\/?page_id=65<\/span><\/a><\/span><\/p>\n<div id=\"icpbravoaccess_loaded\"><\/div>\n","protected":false},"excerpt":{"rendered":"<p>ATEN\u00c7\u00c3O: EST\u00c1 EM MUDAN\u00c7A A LEGISLA\u00c7\u00c3O da Anatel &#8211; Aguardem! Veja a legisla\u00e7\u00e3o completa aqui Testes para Radioamador. Cortesia da LABRE \u2013 BA. http:\/\/www.labre-ba.org.br\/?page_id=65<\/p>\n","protected":false},"author":2,"featured_media":0,"parent":0,"menu_order":0,"comment_status":"open","ping_status":"open","template":"","meta":{"footnotes":""},"class_list":["post-32","page","type-page","status-publish","hentry"],"_links":{"self":[{"href":"https:\/\/curso.mirop.dev.br\/index.php?rest_route=\/wp\/v2\/pages\/32","targetHints":{"allow":["GET"]}}],"collection":[{"href":"https:\/\/curso.mirop.dev.br\/index.php?rest_route=\/wp\/v2\/pages"}],"about":[{"href":"https:\/\/curso.mirop.dev.br\/index.php?rest_route=\/wp\/v2\/types\/page"}],"author":[{"embeddable":true,"href":"https:\/\/curso.mirop.dev.br\/index.php?rest_route=\/wp\/v2\/users\/2"}],"replies":[{"embeddable":true,"href":"https:\/\/curso.mirop.dev.br\/index.php?rest_route=%2Fwp%2Fv2%2Fcomments&post=32"}],"version-history":[{"count":8,"href":"https:\/\/curso.mirop.dev.br\/index.php?rest_route=\/wp\/v2\/pages\/32\/revisions"}],"predecessor-version":[{"id":401,"href":"https:\/\/curso.mirop.dev.br\/index.php?rest_route=\/wp\/v2\/pages\/32\/revisions\/401"}],"wp:attachment":[{"href":"https:\/\/curso.mirop.dev.br\/index.php?rest_route=%2Fwp%2Fv2%2Fmedia&parent=32"}],"curies":[{"name":"wp","href":"https:\/\/api.w.org\/{rel}","templated":true}]}}