{"id":26,"date":"2012-08-19T00:26:02","date_gmt":"2012-08-19T00:26:02","guid":{"rendered":"https:\/\/curso.mirop.dev.br\/?page_id=26"},"modified":"2025-11-26T19:46:06","modified_gmt":"2025-11-26T22:46:06","slug":"o-cartao-qsl","status":"publish","type":"page","link":"https:\/\/curso.mirop.dev.br\/?page_id=26","title":{"rendered":"Cart\u00e3o QSL"},"content":{"rendered":"<hr \/>\n<table style=\"height: 281px;\" width=\"603\">\n<tbody>\n<tr>\n<td style=\"text-align: justify;\" width=\"100%\">\u00a0\u00a0<a href=\"https:\/\/curso.mirop.dev.br\/wp-content\/uploads\/2012\/08\/QSL_PY2GET.jpg\"><img loading=\"lazy\" decoding=\"async\" class=\"alignnone size-medium wp-image-331\" src=\"https:\/\/curso.mirop.dev.br\/wp-content\/uploads\/2012\/08\/QSL_PY2GET-300x193.jpg\" alt=\"QSL_PY2GET\" width=\"300\" height=\"193\" srcset=\"https:\/\/curso.mirop.dev.br\/wp-content\/uploads\/2012\/08\/QSL_PY2GET-300x193.jpg 300w, https:\/\/curso.mirop.dev.br\/wp-content\/uploads\/2012\/08\/QSL_PY2GET-768x494.jpg 768w, https:\/\/curso.mirop.dev.br\/wp-content\/uploads\/2012\/08\/QSL_PY2GET-1024x658.jpg 1024w, https:\/\/curso.mirop.dev.br\/wp-content\/uploads\/2012\/08\/QSL_PY2GET-624x401.jpg 624w, https:\/\/curso.mirop.dev.br\/wp-content\/uploads\/2012\/08\/QSL_PY2GET.jpg 1654w\" sizes=\"auto, (max-width: 300px) 100vw, 300px\" \/><\/a>\u00a0\u00a0<a href=\"https:\/\/curso.mirop.dev.br\/wp-content\/uploads\/2012\/08\/rated_Image_f8l0fxf8l0fxf8l0_png.jpg\"><img loading=\"lazy\" decoding=\"async\" class=\"alignnone size-medium wp-image-352\" src=\"https:\/\/curso.mirop.dev.br\/wp-content\/uploads\/2012\/08\/rated_Image_f8l0fxf8l0fxf8l0_png-300x200.jpg\" alt=\"rated_Image_f8l0fxf8l0fxf8l0_png\" width=\"300\" height=\"200\" srcset=\"https:\/\/curso.mirop.dev.br\/wp-content\/uploads\/2012\/08\/rated_Image_f8l0fxf8l0fxf8l0_png-300x200.jpg 300w, https:\/\/curso.mirop.dev.br\/wp-content\/uploads\/2012\/08\/rated_Image_f8l0fxf8l0fxf8l0_png-768x512.jpg 768w, https:\/\/curso.mirop.dev.br\/wp-content\/uploads\/2012\/08\/rated_Image_f8l0fxf8l0fxf8l0_png-1024x683.jpg 1024w, https:\/\/curso.mirop.dev.br\/wp-content\/uploads\/2012\/08\/rated_Image_f8l0fxf8l0fxf8l0_png-624x416.jpg 624w, https:\/\/curso.mirop.dev.br\/wp-content\/uploads\/2012\/08\/rated_Image_f8l0fxf8l0fxf8l0_png.jpg 1200w\" sizes=\"auto, (max-width: 300px) 100vw, 300px\" \/><\/a><\/p>\n<p><span style=\"color: #000000;\"><strong>QSL<\/strong> \u00e9 um dos c\u00f3digos Q utilizado nas transmiss\u00f5es de radiocomunica\u00e7\u00f5es. A mensagem do c\u00f3digo Q, pode tanto ser uma pergunta como uma afirma\u00e7\u00e3o. Como por exemplo: &#8221; Voc\u00ea pode confirmar o recebimento de minha transmiss\u00e3o?&#8221; ou\u00a0 &#8221; Eu confirmo o recebimento de sua transmiss\u00e3o.&#8221; Cart\u00e3o QSL \u00e9 uma confirma\u00e7\u00e3o escrita do contato entre duas esta\u00e7\u00f5es, ou mesmo a recep\u00e7\u00e3o dos sinais de uma esta\u00e7\u00e3o de r\u00e1dio AM, FM, Televis\u00e3o, ou ondas curtas. Esses cart\u00f5es geralmente s\u00e3o enviados no ato do primeiro QSO realizado entre duas esta\u00e7\u00f5es, ou quando em concursos, e diplomas h\u00e1 a necessidade de se provar determinado pa\u00eds trabalhado, ou quantidade de contatos realizados. A maioria destes cart\u00f5es possuem o mesmo tamanho e de mesmo material de um cart\u00e3o postal t\u00edpico, sendo enviados geralmente da mesma maneira, ou seja, via correio. Existem outras formas de se enviar um cart\u00e3o QSL.<\/span><\/td>\n<\/tr>\n<\/tbody>\n<\/table>\n<p style=\"text-align: justify;\"><span style=\"color: #000000;\"><strong>Hist\u00f3ria do Cart\u00e3o QSL<\/strong>:<\/span><\/p>\n<table width=\"100%\">\n<tbody>\n<tr>\n<td width=\"100%\">\n<p style=\"text-align: justify;\"><span style=\"color: #000000;\">O conceito de enviar e receber cart\u00f5es QSL para comprovar determinado contato. Pode ter sido inventado de forma independente v\u00e1rias vezes. A mais antiga refer\u00eancia parece ter sido uma carta enviada em 1916 a partir de 8VX em Buffalo, (Nova Iorque) para 3TQ em Filad\u00e9lfia (Pensilv\u00e2nia), naquela \u00e9poca n\u00e3o eram utilizados os prefixos ITU. O Cart\u00e3o QSL padr\u00e3o com indicativo, frequ\u00eancias, datas, etc pode ter sido desenvolvido em 1919 por C.D.HOFFMAN, 8UX em Akron, Ohio. Na Europa W.E.F.\u00a0 &#8220;Bill&#8221; Corsham, 2UV, usado pela primeira vez em QSL quando estava operando de Harlesden, Inglaterra em 1922.\u00a0<strong>Na pr\u00e1tica, como preparar e enviar o cart\u00e3o QSL ?\u00a0<\/strong>Muito louv\u00e1vel a iniciativa de enviar a todos que realizaram QSO com\u00a0 as esta\u00e7\u00f5es os seus cart\u00f5es QSL.<\/span><\/p>\n<p style=\"text-align: justify;\"><span style=\"color: #000000;\"> Mas lembrem-se que QSL tem padr\u00e3o e alguns dados s\u00e3o obrigat\u00f3rios, al\u00e9m do fato de<strong> n\u00e3o poder haver rasura<\/strong>.<strong>dimens\u00f5es do QSL<\/strong>: 14 cm x 9 cm (o tamanho cart\u00e3o postal est\u00e1 em desuso &#8211; poucos pa\u00edses, como o Jap\u00e3o, ainda o adotam)\u00a0<strong>gramatura do papel<\/strong>: de 150 g\/m2 a 250 g\/m2.<\/span><\/p>\n<p style=\"text-align: justify;\"><span style=\"color: #000000;\"><strong>Dados obrigat\u00f3rios<\/strong>: Indicativo da sua esta\u00e7\u00e3o, Indicativo da esta\u00e7\u00e3o trabalhada, Data (usar quadr\u00edculos indicando dia\/m\u00eas\/ano ou ent\u00e3o grafar o m\u00eas em romanos ou abreviando com as 3 primeiras letras, se for para exterior, abreviar em ingl\u00eas), Hora (usar UTC), Frequ\u00eancia (pode ser s\u00f3 a banda), Modo (indicar sempre 2x &#8211; alguns diplomas n\u00e3o aceitam modos cruzados) e Reportagem de sinal R S T.<\/span><\/p>\n<p style=\"text-align: justify;\"><span style=\"color: #000000;\"><strong>Dados complementares<\/strong>: Nome do operador, Endere\u00e7o do operador, Regi\u00e3o ITU, Regi\u00e3o CQ, Grid Locator, seu QSL manager, se Vc. recebeu ou espera o QSL do colega, etc.<\/span><\/p>\n<p style=\"text-align: justify;\"><span style=\"color: #000000;\"><strong>Uso de logotipos<\/strong>: Se tem registro escoteiro\/bandeirante em dia, use o logo do Radioescotismo no QSL. Demais logotipos: s\u00f3 use os de associa\u00e7\u00f5es das quais seja membro ou daquelas que permitem o uso quando o QSO \u00e9 v\u00e1lido para diplomas por ela institu\u00eddos.<\/span><\/p>\n<p style=\"text-align: justify;\"><span style=\"color: #000000;\"><strong>Uso de imagens<\/strong>: Cuidado ao escolher imagens\/fotos para colocar em seu QSL. Se a foto n\u00e3o for de sua autoria, veja se n\u00e3o est\u00e1 protegida por direitos autorais. Muito cuidado com fotos que possam causar constrangimento ao destinat\u00e1rio. Seu QSL vai circular o mundo e uma caricatura ou foto (por exemplo, pessoas com pouca ou sem roupa) que para n\u00f3s seriam normais, em outros pa\u00edses podem ser ofensivas.<\/span><\/p>\n<p style=\"text-align: justify;\"><span style=\"color: #000000;\">Escreva em destaque o indicativo da esta\u00e7\u00e3o trabalhada. Se a esta\u00e7\u00e3o tem um QSL manager, indique tamb\u00e9m em destaque.<\/span><\/p>\n<p style=\"text-align: justify;\"><span style=\"color: #000000;\"><strong>N\u00e3o pode haver rasura na anota\u00e7\u00e3o dos dados obrigat\u00f3rios. Se errou n\u00e3o escreva por cima nem apague. Jogue fora o QSL e preencha outro<\/strong>.<\/span><\/p>\n<p style=\"text-align: justify;\"><span style=\"color: #000000;\">Antes de enviar seu QSL procure saber qual a via de recebimento indicada pelo outro colega. Se ele consta do <span style=\"color: #ff0000;\"><a style=\"color: #ff0000;\" href=\"https:\/\/www.qrz.com\/db\/PY2GW\" target=\"_blank\">WWW.QRZ.COM<\/a><\/span> e l\u00e1 est\u00e1 escrito que s\u00f3 aceita QSL direto, n\u00e3o adianta enviar via LABRE, porque seu QSL nunca vai chegar at\u00e9 ele. Gasto de tempo e dinheiro para voc\u00ea e para a LABRE.<\/span><\/p>\n<p style=\"text-align: justify;\"><span style=\"color: #000000;\">Se ele indica um QSL manager, v\u00e1 at\u00e9 a p\u00e1gina do manager e veja quais as instru\u00e7\u00f5es para remessa. Enviar em desacordo com as instru\u00e7\u00f5es tamb\u00e9m \u00e9 perda de tempo e dinheiro.<\/span><\/p>\n<p style=\"text-align: justify;\"><span style=\"color: #000000;\">Se vai enviar QSL para o exterior via <span style=\"color: #ff0000;\"><a style=\"color: #ff0000;\" href=\"https:\/\/www.labre-sp.org.br\/\" target=\"_blank\">LABRE<\/a><\/span>, consulte antes a p\u00e1gina da <span style=\"color: #ff0000;\"><a style=\"color: #ff0000;\" href=\"https:\/\/www.iaru.org\/\" target=\"_blank\">IARU<\/a><\/span> na internet e veja se o pa\u00eds destinat\u00e1rio tem bureau de QSL. A LABRE s\u00f3 envia QSL para os bureaux oficiais dos pa\u00edses membros da IARU. Alguns pa\u00edses, mesmo sendo membros da IARU, n\u00e3o tem bureau de QSL funcionando.<\/span><\/p>\n<p style=\"text-align: justify;\"><span style=\"color: #000000;\">Se est\u00e1 enviando seu QSL para uma esta\u00e7\u00e3o que voc\u00ea tem particular interesse em receber o QSL dela, mande junto um SASE (envelope auto endere\u00e7ado e selado &#8211; o SASE n\u00e3o deve ser carta social) ou, se for para o exterior, um SAE + IRC ou GS (GS=green stamp ou seja, d\u00f3lares americanos). Tome cuidado ao fechar o envelope para que o excesso de cola n\u00e3o grude o que vai dentro. Tamb\u00e9m cuide para que o conte\u00fado do envelope n\u00e3o fique muito justo as bordas do envelope, evitando que o destinat\u00e1rio ao abrir o envelope acabe danificando o que est\u00e1 dentro.<\/span><\/p>\n<p style=\"text-align: justify;\"><span style=\"color: #000000;\">Se o destinat\u00e1rio de seu QSL estava usando indicativo especial, indique o QSL manager, caso contr\u00e1rio h\u00e1 grande chance de seu cart\u00e3o nunca chegar ao destinat\u00e1rio.<\/span><\/p>\n<p style=\"text-align: justify;\"><span style=\"color: #000000;\">Se a esta\u00e7\u00e3o for brasileira e voc\u00ea n\u00e3o souber qual o QSL manager, voc\u00ea pode encontrar o indicativo normal de uma esta\u00e7\u00e3o com indicativo especial na p\u00e1gina da Anatel:<\/span><\/p>\n<p style=\"text-align: justify;\"><span style=\"color: #ff0000;\"><a style=\"color: #ff0000;\" href=\"http:\/\/sistemas.anatel.gov.br\/easp\/Novo\/ConsultaIndicativo\/Tela.asp?SISQSmodulo=11265\" target=\"_blank\">http:\/\/sistemas.anatel.gov.br\/easp\/Novo\/ConsultaIndicativo\/Tela.asp?SISQSmodulo=11265<\/a><\/span><\/p>\n<p style=\"text-align: justify;\"><span style=\"color: #000000;\">Ai clique em &#8220;menu principal&#8221; (acima, no lado direito) e em seguida em &#8220;consulta indicativo de chamada especial&#8221;.<\/span><\/p>\n<p style=\"text-align: justify;\"><span style=\"color: #000000;\">Se for enviar QSL pelo correio, lembre-se que existem regras que especificam como deve ser o endere\u00e7amento:<\/span><\/p>\n<p><span style=\"color: #000000;\">Se for para o Brasil:<\/span><\/p>\n<p style=\"text-align: justify;\"><span style=\"color: #000000;\">NOME DO DESTINAT\u00c1RIO<\/span><br \/>\n<span style=\"color: #000000;\"> Logradouro, n\u00famero da casa &#8211; bairro<\/span><br \/>\n<span style=\"color: #000000;\"> Cidade \u2013 UF &#8211; CEP<\/span><\/p>\n<p style=\"text-align: justify;\"><span style=\"color: #000000;\">Se for para o exterior:<\/span><\/p>\n<p style=\"text-align: justify;\"><span style=\"color: #000000;\">NOME DO DESTINAT\u00c1RIO<\/span><br \/>\n<span style=\"color: #000000;\"> Logradouro, n\u00famero da casa &#8211; bairro<\/span><br \/>\n<span style=\"color: #000000;\"> CEP\u00a0 Cidade-UF (alguns pa\u00edses usam invertido: Cidade CEP UF ou Cidade UF CEP)<\/span><br \/>\n<span style=\"color: #000000;\"> PA\u00cdS DO DESTINAT\u00c1RIO<\/span><\/p>\n<p style=\"text-align: justify;\"><span style=\"color: #000000;\">Esse endere\u00e7amento deve ficar no centro da parte da frente do envelope.<\/span><br \/>\n<span style=\"color: #000000;\"> Preencha com letra leg\u00edvel, preferencialmente letra de imprensa (letra de forma)<\/span><br \/>\n<span style=\"color: #000000;\"> N\u00e3o use a sigla CEP, apenas anote os algarismos. N\u00e3o use ponto separando milhar do CEP. Escreva assim:\u00a0 12345-678<\/span><br \/>\n<span style=\"color: #000000;\"> De prefer\u00eancia aos envelopes RPC (Recomendados Pelos Correios), que vem com as \u00e1reas para selos, endere\u00e7amento e CEP delimitadas.<\/span><\/p>\n<p style=\"text-align: justify;\"><span style=\"color: #000000;\">73<\/span><br \/>\n<span style=\"color: #000000;\"> Orlando .\u00b7. <strong>PT2OP<\/strong>, em 24\/10\/2011,<\/span><br \/>\n<span style=\"color: #000000;\"> encarregado do bureau nacional da LABRE<\/span><\/p>\n<p style=\"text-align: justify;\"><span style=\"color: #000000;\"><strong>A experi\u00eancia do PY2OP \u2013 Samir Hamzo<\/strong><\/span><\/p>\n<p style=\"text-align: justify;\"><span style=\"color: #000000;\"><strong>Para esta\u00e7\u00f5es DX<\/strong>:<\/span><\/p>\n<p style=\"text-align: justify;\"><span style=\"color: #000000;\">1) Antes de enviar qualquer cart\u00e3o, pesquise como a\u00a0esta\u00e7\u00e3o trata o assunto QSL.<\/span><\/p>\n<p style=\"text-align: justify;\"><span style=\"color: #000000;\">1.1) Pode ser via Bureau para a pr\u00f3pria esta\u00e7\u00e3o ou seu Manager,<\/span><\/p>\n<p style=\"text-align: justify;\"><span style=\"color: #000000;\">1.2) Pode ser\u00a0diretamente para a esta\u00e7\u00e3o ou manager.<\/span><\/p>\n<p style=\"text-align: justify;\"><span style=\"color: #000000;\">Normalmente estas informa\u00e7\u00f5es se obt\u00e9m no <span style=\"color: #ff0000;\"><a style=\"color: #ff0000;\" href=\"http:\/\/qrz.com\/\" target=\"_blank\">QRZ.COM<\/a><\/span>. H\u00e1 tamb\u00e9m sites que indicam os managers das esta\u00e7\u00f5es, como o <a href=\"http:\/\/425dxn.org\/\"><span style=\"color: #000000;\">425dxn.org<\/span><\/a> por exemplo.<\/span><\/p>\n<p style=\"text-align: justify;\"><span style=\"color: #000000;\">2) Se a esta\u00e7\u00e3o tiver um log on line para verifica\u00e7\u00e3o de seu contato, fa\u00e7a-o.<\/span><\/p>\n<p style=\"text-align: justify;\"><span style=\"color: #000000;\">2.1) Caso sua esta\u00e7\u00e3o esteja &#8220;logada&#8221;, isto \u00e9 uma das garantias que o QSL do DX pode chegar a vc.<\/span><\/p>\n<p style=\"text-align: justify;\"><span style=\"color: #000000;\">2.2) Se n\u00e3o estiver, chore e tente outra vez, pois o manager n\u00e3o vai lhe enviar cart\u00e3o.<\/span><\/p>\n<p style=\"text-align: justify;\"><span style=\"color: #000000;\">2.3) Se estiver tudo bem, proceda \u00e0s instru\u00e7\u00f5es para obter seu QSL.<\/span><\/p>\n<p style=\"text-align: justify;\"><span style=\"color: #000000;\">Existe hoje o sistema OQRS, que Vc. confirma seu QSO no log on line e solicita seu QSL, que lhe enviar\u00e3o via direta ou Bureau, SEM NECESSIDADE DE ENVIAR SEU QSL para eles. Confira nas informa\u00e7\u00f5es da esta\u00e7\u00e3o DX (QSL INFO).<\/span><\/p>\n<p style=\"text-align: justify;\"><span style=\"color: #000000;\">2) Caso vc tenha que enviar seu cart\u00e3o, e conhecendo o destino adequado,\u00a0PREENCHA-O COM CLAREZA, principalmente se for via BUREAU.<\/span><\/p>\n<p style=\"text-align: justify;\"><span style=\"color: #000000;\">3) No caso de via direta, coloque dentro do envelope um outro envelope preenchido com SEU endere\u00e7o COMPLETO escrevendo BRAZIL!!! Este \u00e9 o SAE (Self Addressed Envelop). Junte tamb\u00e9m o(s) IRC(s) necess\u00e1rios ou d\u00f3lares (abreviados como GS ou USD) seguindo a orienta\u00e7\u00e3o do manager. GS \u00e9 abrevia\u00e7\u00e3o de &#8220;Green Stamp&#8221;. Normalmente s\u00e3o 2 ou 3 GS solicitados.<\/span><\/p>\n<p style=\"text-align: justify;\"><span style=\"color: #000000;\">A vantagem de se enviar c\u00e9dulas \u00e9 que elas s\u00e3o aceitas em quase todos os pa\u00edses, por\u00e9m n\u00e3o s\u00e3o raros os casos de ROUBO pelos agentes postais. (Para Leste europeu \u00e9 mais frequente).<\/span><\/p>\n<p style=\"text-align: justify;\"><span style=\"color: #000000;\">Os IRC no Brasil\u00a0s\u00e3o mais caros do que 2 d\u00f3lares e s\u00e3o dif\u00edceis de encontrar. Em S\u00e3o Paulo, s\u00f3 sob encomenda em ag\u00eancias normais ou diretamente na agencia Central.<\/span><\/p>\n<p style=\"text-align: justify;\"><span style=\"color: #000000;\">4) Em qualquer caso, s\u00e3o despesas, e por isso devem ser estudadas as possibilidades de baratear os custos. No Caso de esta\u00e7\u00f5es do Brasil, a <span style=\"color: #ff0000;\"><a style=\"color: #ff0000;\" href=\"https:\/\/www.labre-sp.org.br\/\" target=\"_blank\">LABRE<\/a><\/span> \u00e9 minha primeira op\u00e7\u00e3o. Para Cartas diretas, pode-se utilizar a CARTA SOCIAL, cujo selo\u00a0custa 1 centavo, mas tem regras pr\u00f3prias e o Correio n\u00e3o gosta da modalidade (nem divulgam).<\/span><\/p>\n<p style=\"text-align: justify;\"><span style=\"color: #000000;\">A Primeira e mais barata maneira \u00e9 trafegar os cart\u00f5es pelo BUREAU da LABRE, mas o retorno do QSL \u00e9 bastante demorado, correndo-se o risco&#8230;<\/span><\/p>\n<p style=\"text-align: justify;\"><span style=\"color: #000000;\">Quando o pa\u00eds \u00e9 conquistado \u00e9 figurinha, vale a pena o gasto.<\/span><\/p>\n<p style=\"text-align: justify;\"><span style=\"color: #000000;\">Mais uma dica: a brincadeira de colecionar QSL n\u00e3o tem fim e talvez por isso nossa paix\u00e3o.<\/span><\/p>\n<p style=\"text-align: justify;\"><span style=\"color: #000000;\"><strong>Samir<\/strong>\/<strong>PY2OP<\/strong><\/span><\/p>\n<p style=\"text-align: justify;\"><span style=\"color: #000000;\">Fonte parcial: <span style=\"color: #ff0000;\"><a style=\"color: #ff0000;\" href=\"http:\/\/en.wikipedia.org\/wiki\/QSL\" target=\"_blank\">http:\/\/en.wikipedia.org\/wiki\/QSL<\/a><\/span><\/span><\/p>\n<\/td>\n<\/tr>\n<\/tbody>\n<\/table>\n<div id=\"icpbravoaccess_loaded\"><\/div>\n<div id=\"icpbravoaccess_loaded\"><\/div>\n<div id=\"acfifjfajpekbmhmjppnmmjgmhjkildl\" class=\"acfifjfajpekbmhmjppnmmjgmhjkildl\"><\/div>\n<div id=\"icpbravoaccess_loaded\"><\/div>\n<div id=\"acfifjfajpekbmhmjppnmmjgmhjkildl\" class=\"acfifjfajpekbmhmjppnmmjgmhjkildl\"><\/div>\n<div id=\"icpbravoaccess_loaded\"><\/div>\n","protected":false},"excerpt":{"rendered":"<p>\u00a0\u00a0\u00a0\u00a0 QSL \u00e9 um dos c\u00f3digos Q utilizado nas transmiss\u00f5es de radiocomunica\u00e7\u00f5es. A mensagem do c\u00f3digo Q, pode tanto ser uma pergunta como uma afirma\u00e7\u00e3o. Como por exemplo: &#8221; Voc\u00ea pode confirmar o recebimento de minha transmiss\u00e3o?&#8221; ou\u00a0 &#8221; Eu confirmo o recebimento de sua transmiss\u00e3o.&#8221; Cart\u00e3o QSL \u00e9 uma confirma\u00e7\u00e3o escrita do contato entre [&hellip;]<\/p>\n","protected":false},"author":2,"featured_media":0,"parent":0,"menu_order":0,"comment_status":"open","ping_status":"open","template":"","meta":{"footnotes":""},"class_list":["post-26","page","type-page","status-publish","hentry"],"_links":{"self":[{"href":"https:\/\/curso.mirop.dev.br\/index.php?rest_route=\/wp\/v2\/pages\/26","targetHints":{"allow":["GET"]}}],"collection":[{"href":"https:\/\/curso.mirop.dev.br\/index.php?rest_route=\/wp\/v2\/pages"}],"about":[{"href":"https:\/\/curso.mirop.dev.br\/index.php?rest_route=\/wp\/v2\/types\/page"}],"author":[{"embeddable":true,"href":"https:\/\/curso.mirop.dev.br\/index.php?rest_route=\/wp\/v2\/users\/2"}],"replies":[{"embeddable":true,"href":"https:\/\/curso.mirop.dev.br\/index.php?rest_route=%2Fwp%2Fv2%2Fcomments&post=26"}],"version-history":[{"count":26,"href":"https:\/\/curso.mirop.dev.br\/index.php?rest_route=\/wp\/v2\/pages\/26\/revisions"}],"predecessor-version":[{"id":418,"href":"https:\/\/curso.mirop.dev.br\/index.php?rest_route=\/wp\/v2\/pages\/26\/revisions\/418"}],"wp:attachment":[{"href":"https:\/\/curso.mirop.dev.br\/index.php?rest_route=%2Fwp%2Fv2%2Fmedia&parent=26"}],"curies":[{"name":"wp","href":"https:\/\/api.w.org\/{rel}","templated":true}]}}