{"id":24,"date":"2012-08-19T00:21:18","date_gmt":"2012-08-19T00:21:18","guid":{"rendered":"https:\/\/curso.mirop.dev.br\/?page_id=24"},"modified":"2025-11-26T20:39:56","modified_gmt":"2025-11-26T23:39:56","slug":"o-codigo-q-para-radioamador","status":"publish","type":"page","link":"https:\/\/curso.mirop.dev.br\/?page_id=24","title":{"rendered":"C\u00f3digo &#8220;Q&#8221;"},"content":{"rendered":"<hr \/>\n<p><span style=\"color: #000000;\">De acordo com a Conven\u00e7\u00e3o de 1959 em Genebra:<\/span><\/p>\n<table>\n<tbody>\n<tr>\n<td width=\"447\"><span style=\"color: #000000;\"><strong>QRA &#8211; Nome do operador, ou de esta\u00e7\u00e3o<\/strong>.<\/span><br \/>\n<span style=\"color: #000000;\"> QRB &#8211; Qual \u00e0 sua dist\u00e2ncia ?<\/span><br \/>\n<span style=\"color: #000000;\"> QRD &#8211; Qual \u00e0 sua localiza\u00e7\u00e3o ?<\/span><br \/>\n<strong><span style=\"color: #000000;\"> QRG &#8211; Frequ\u00eancia de Opera\u00e7\u00e3o<\/span><\/strong><br \/>\n<span style=\"color: #000000;\"> QRH &#8211; Sua Freq\u00fc\u00eancia varia<\/span><br \/>\n<span style=\"color: #000000;\"> QRI &#8211; Tonalidade de Sinais ( 1 a 5 )<\/span><br \/>\n<span style=\"color: #000000;\"> QRK &#8211; Inteligibilidade dos sinais ( 1 a 5 )<\/span><br \/>\n<span style=\"color: #000000;\"> QRL &#8211; Estou ocupado. N\u00e3o interfira por favor<\/span><br \/>\n<strong><span style=\"color: #000000;\"> QRM &#8211; Interfer\u00eancia de outra Esta\u00e7\u00e3o<\/span><\/strong><br \/>\n<span style=\"color: #000000;\"> QRN &#8211; Interfer\u00eancia atmosf\u00e9rica ou est\u00e1tica<\/span><br \/>\n<span style=\"color: #000000;\"> QRO &#8211; Aumente sua pot\u00eancia<\/span><br \/>\n<strong><span style=\"color: #000000;\"> QRP &#8211; Diminua a sua pot\u00eancia<\/span><\/strong><br \/>\n<span style=\"color: #000000;\"> QRQ &#8211; Manipule mais r\u00e1pido<\/span><br \/>\n<span style=\"color: #000000;\"> QRR &#8211; S.O.S. Terrestre<\/span><br \/>\n<span style=\"color: #000000;\"> QRS &#8211; Manipule mais devagar<\/span><br \/>\n<strong><span style=\"color: #000000;\"> QRT &#8211; Vou parar de transmitir<\/span><\/strong><br \/>\n<span style=\"color: #000000;\"> QRU &#8211; Voc\u00ea tem algo para mim<\/span><br \/>\n<strong><span style=\"color: #000000;\"> QRV &#8211; Estarei a sua disposi\u00e7\u00e3o<\/span><\/strong><br \/>\n<span style=\"color: #000000;\"> QRW &#8211; Esta\u00e7\u00e3o &#8220;X&#8221; chama em &#8230; KHZ\/s.<\/span><br \/>\n<strong><span style=\"color: #000000;\"> QRX &#8211; Aguarde sua vez de transmitir<\/span><\/strong><br \/>\n<span style=\"color: #000000;\"> QRY &#8211; Quando ser\u00e1 a minha vez de transmitir<\/span><br \/>\n<span style=\"color: #ff0000;\"><a style=\"color: #ff0000;\" href=\"https:\/\/www.qrz.com\/db\/PY2GET\" target=\"_blank\"><strong> QRZ &#8211; Quem chama-me ?<\/strong><\/a><\/span><br \/>\n<span style=\"color: #000000;\"> QSA &#8211; Intensidade dos Sinais de ( 1 a 5 )<\/span><br \/>\n<span style=\"color: #000000;\"> QSB &#8211; Seu sinal varia<\/span><br \/>\n<span style=\"color: #000000;\"> QSD &#8211; Sua transmiss\u00e3o \u00e9 defeituosa<\/span><br \/>\n<span style=\"color: #000000;\"> QSJ &#8211; Taxa &#8211; Dinheiro &#8211; Valor<\/span><br \/>\n<span style=\"color: #ff0000;\"><a style=\"color: #ff0000;\" href=\"https:\/\/curso.mirop.dev.br\/?page_id=26\" target=\"_blank\"><strong> QSL &#8211; Tudo entendido &#8211; confirmado<\/strong><\/a><\/span><br \/>\n<span style=\"color: #000000;\"> QSM &#8211; Repita a ultima mensagem<\/span><br \/>\n<span style=\"color: #000000;\"> QSN &#8211; Escutou-me<\/span><br \/>\n<strong><span style=\"color: #000000;\"> QSO &#8211; Comunicado ou contato<\/span><\/strong><br \/>\n<span style=\"color: #000000;\"> QSP &#8211; Retransmiss\u00e3o de mensagem a outra esta\u00e7\u00e3o<\/span><br \/>\n<span style=\"color: #000000;\"> QST &#8211; Comunicado de interesse geral<\/span><br \/>\n<span style=\"color: #000000;\"> QSU &#8211; Transmitir ou escutar em &#8230; KHZ\/s.<\/span><br \/>\n<span style=\"color: #000000;\"> QSV &#8211; Transmita uma s\u00e9rie de &#8220;V&#8221;<\/span><br \/>\n<span style=\"color: #000000;\"> QSW &#8211; Transmitirei nesta ou em outra freq\u00fc\u00eancia ?<\/span><br \/>\n<span style=\"color: #000000;\"> QSX &#8211; Escutarei sua mensagem em &#8230; KHZ \/s.<\/span><br \/>\n<span style=\"color: #000000;\"> QSY &#8211; Vou transmitir em outra freq\u00fc\u00eancia ! Vamos ?<\/span><br \/>\n<span style=\"color: #000000;\"> QSZ &#8211; Devo transmitir cada palavra ou grupo ?<\/span><\/td>\n<td width=\"286\"><span style=\"color: #000000;\">QTA &#8211; Anule a mensagem anterior<\/span><br \/>\n<span style=\"color: #000000;\"> QTB &#8211; Concordo c\/ sua contagem de palavras<\/span><br \/>\n<strong><span style=\"color: #000000;\"> QTC &#8211; Mensagem &#8211; Not\u00edcia<\/span><\/strong><br \/>\n<strong><span style=\"color: #000000;\"> QTH &#8211; Local onde est\u00e1 a Esta\u00e7\u00e3o<\/span><\/strong><br \/>\n<span style=\"color: #000000;\"> QTR &#8211; Horas &#8211; Tempo<\/span><br \/>\n<span style=\"color: #000000;\"> QTX &#8211; Sairei por tempo indeterminado<\/span><br \/>\n<span style=\"color: #000000;\"> QUZ &#8211; Recebi o seu sinal de Urg\u00eancia<\/span><br \/>\n<span style=\"color: #000000;\"> QUF &#8211; Recebi o seu sinal de perigo<\/span><br \/>\n<span style=\"color: #000000;\"> QAP &#8211; Sempre na escuta<\/span><strong><span style=\"color: #000000;\">CQ &#8211; Chamada Geral<\/span><\/strong><br \/>\n<strong><span style=\"color: #000000;\"> DX &#8211; Contato \u00e0 dist\u00e2ncia<\/span><\/strong><span style=\"color: #000000;\">AS &#8211; Espera<\/span><br \/>\n<span style=\"color: #000000;\"> OK &#8211; Tudo Certo &#8211; Entendido<\/span><br \/>\n<span style=\"color: #000000;\"> TV &#8211; Televis\u00e3o\u00a0 \u00a0 \u00a0 \u00a0 \u00a0 \u00a0 \u00a0 \u00a0 \u00a0 \u00a0 \u00a0 \u00a0 \u00a0 \u00a0 \u00a0 \u00a0 \u00a0 \u00a0 \u00a0 \u00a0 \u00a0 \u00a0 \u00a0 \u00a0 \u00a0<\/span><span style=\"color: #000000;\">51 &#8211; Aperto de m\u00e3o<\/span><br \/>\n<span style=\"color: #000000;\">\u00a055 &#8211; Felicidade<\/span><br \/>\n<span style=\"color: #000000;\">\u00a073 &#8211; Abra\u00e7o &#8211; Despedida<\/span><br \/>\n<span style=\"color: #000000;\">\u00a088 \u2013 Beijos<\/span><\/td>\n<\/tr>\n<\/tbody>\n<\/table>\n<p><span style=\"color: #000000;\"><strong>Fonte<\/strong>: Guia do Radioamador\u00a0\u00a0<span style=\"color: #000000;\">http:\/\/www.guiadoradioamador.com\/codigo_q.htm (link descontinuado)<\/span><\/span><\/p>\n<div id=\"icpbravoaccess_loaded\"><\/div>\n<div id=\"icpbravoaccess_loaded\"><\/div>\n","protected":false},"excerpt":{"rendered":"<p>De acordo com a Conven\u00e7\u00e3o de 1959 em Genebra: QRA &#8211; Nome do operador, ou de esta\u00e7\u00e3o. QRB &#8211; Qual \u00e0 sua dist\u00e2ncia ? QRD &#8211; Qual \u00e0 sua localiza\u00e7\u00e3o ? QRG &#8211; Frequ\u00eancia de Opera\u00e7\u00e3o QRH &#8211; Sua Freq\u00fc\u00eancia varia QRI &#8211; Tonalidade de Sinais ( 1 a 5 ) QRK &#8211; Inteligibilidade dos [&hellip;]<\/p>\n","protected":false},"author":2,"featured_media":0,"parent":0,"menu_order":0,"comment_status":"open","ping_status":"open","template":"","meta":{"footnotes":""},"class_list":["post-24","page","type-page","status-publish","hentry"],"_links":{"self":[{"href":"https:\/\/curso.mirop.dev.br\/index.php?rest_route=\/wp\/v2\/pages\/24","targetHints":{"allow":["GET"]}}],"collection":[{"href":"https:\/\/curso.mirop.dev.br\/index.php?rest_route=\/wp\/v2\/pages"}],"about":[{"href":"https:\/\/curso.mirop.dev.br\/index.php?rest_route=\/wp\/v2\/types\/page"}],"author":[{"embeddable":true,"href":"https:\/\/curso.mirop.dev.br\/index.php?rest_route=\/wp\/v2\/users\/2"}],"replies":[{"embeddable":true,"href":"https:\/\/curso.mirop.dev.br\/index.php?rest_route=%2Fwp%2Fv2%2Fcomments&post=24"}],"version-history":[{"count":16,"href":"https:\/\/curso.mirop.dev.br\/index.php?rest_route=\/wp\/v2\/pages\/24\/revisions"}],"predecessor-version":[{"id":425,"href":"https:\/\/curso.mirop.dev.br\/index.php?rest_route=\/wp\/v2\/pages\/24\/revisions\/425"}],"wp:attachment":[{"href":"https:\/\/curso.mirop.dev.br\/index.php?rest_route=%2Fwp%2Fv2%2Fmedia&parent=24"}],"curies":[{"name":"wp","href":"https:\/\/api.w.org\/{rel}","templated":true}]}}