{"id":2,"date":"2012-08-19T21:12:56","date_gmt":"2012-08-20T00:12:56","guid":{"rendered":"https:\/\/curso.mirop.dev.br\/?page_id=2"},"modified":"2025-12-09T21:47:16","modified_gmt":"2025-12-10T00:47:16","slug":"pagina-exemplo","status":"publish","type":"page","link":"https:\/\/curso.mirop.dev.br\/","title":{"rendered":"Microcurso B\u00e1sico para Radioamador da Esta\u00e7\u00e3o PY2GET"},"content":{"rendered":"<p><a href=\"https:\/\/curso.mirop.dev.br\/wp-content\/uploads\/2012\/08\/QSL_PY2GET.jpg\"><img loading=\"lazy\" decoding=\"async\" class=\"size-medium wp-image-331 alignleft\" src=\"https:\/\/curso.mirop.dev.br\/wp-content\/uploads\/2012\/08\/QSL_PY2GET-300x193.jpg\" alt=\"QSL_PY2GET\" width=\"300\" height=\"193\" srcset=\"https:\/\/curso.mirop.dev.br\/wp-content\/uploads\/2012\/08\/QSL_PY2GET-300x193.jpg 300w, https:\/\/curso.mirop.dev.br\/wp-content\/uploads\/2012\/08\/QSL_PY2GET-768x494.jpg 768w, https:\/\/curso.mirop.dev.br\/wp-content\/uploads\/2012\/08\/QSL_PY2GET-1024x658.jpg 1024w, https:\/\/curso.mirop.dev.br\/wp-content\/uploads\/2012\/08\/QSL_PY2GET-624x401.jpg 624w, https:\/\/curso.mirop.dev.br\/wp-content\/uploads\/2012\/08\/QSL_PY2GET.jpg 1654w\" sizes=\"auto, (max-width: 300px) 100vw, 300px\" \/><\/a><\/p>\n<p style=\"text-align: justify;\"><span style=\"color: #000000;\"><em>O presente <strong>Microcurso B\u00e1sico<\/strong>* pretende t\u00e3o somente dar as primeiras li\u00e7\u00f5es de Radioamadorismo aos jovens do <span style=\"color: #ff0000;\"><a style=\"color: #ff0000;\" href=\"https:\/\/www.facebook.com\/getabapua154SP\" target=\"_blank\" rel=\"noopener\">Grupo Escoteiro Tabapu\u00e3<\/a><\/span> (154\/S\u00e3o Paulo, Capital), para que eles possam ter as m\u00ednimas no\u00e7\u00f5es do maravilhoso mundo do Radioamadorismo, voltado para o Escotismo.<\/em><\/span><\/p>\n<p style=\"text-align: justify;\"><span style=\"color: #000000;\"><em>Certamente os escoteiros ter\u00e3o mais a nos ensinar do que n\u00f3s a eles, em todo caso, o prop\u00f3sito \u00e9 que todos conhe\u00e7am a nossa <span style=\"color: #ff0000;\"><a style=\"color: #ff0000;\" href=\"https:\/\/www.qrz.com\/db\/PY2GET\" target=\"_blank\" rel=\"noopener\">Esta\u00e7\u00e3o PY2GET<\/a><\/span> e possam operar o r\u00e1dio transceptor, fazer os primeiros contatos (QSOs), enviar os cart\u00f5es QSL, ampliando ainda mais os la\u00e7os de amizade que unem os grupos escoteiros do Brasil.<\/em><\/span><\/p>\n<p style=\"text-align: justify;\"><span style=\"color: #000000;\"><em>O presente projeto foi preparado, confesso, por um antigo radioamador, mas com pouca experi\u00eancia. No entanto, a vontade de compartilhar \u00e9 imensa e felizmente temos uma equipe afinada que estar\u00e1 atenta a tudo; e pronta para fazer as revis\u00f5es e corre\u00e7\u00f5es necess\u00e1rias.<\/em><\/span><\/p>\n<p style=\"text-align: justify;\"><span style=\"color: #000000;\"><em>Finalmente, quero deixar o meu compromisso de cora\u00e7\u00e3o:\u00a0<\/em><em>Prometo pela minha honra fazer o melhor poss\u00edvel para cumprir meus deveres para com Deus e a minha p\u00e1tria, ajudar o pr\u00f3ximo em toda e qualquer ocasi\u00e3o, obedecer \u00e0 Lei Escoteira e servir os\u00a0<span style=\"color: #ff0000;\"><a style=\"color: #ff0000;\" href=\"https:\/\/escoteiros.radio.br\/\" target=\"_blank\" rel=\"noopener\">Escoteiros do Brasil<\/a><\/span>!<\/em><\/span><\/p>\n<p style=\"text-align: justify;\"><span style=\"color: #000000;\"><em>Com minhas sinceras homenagens ao inventor do r\u00e1dio, o brasileiro <span style=\"color: #ff0000;\"><a style=\"color: #ff0000;\" href=\"https:\/\/web.facebook.com\/memorial.landelldemoura\" target=\"_blank\" rel=\"noopener\">Padre Landell de Moura<\/a>.<\/span><\/em><\/span><\/p>\n<p style=\"text-align: justify;\"><span style=\"color: #000000;\"><em><a style=\"color: #000000;\" href=\"https:\/\/curso.mirop.dev.br\/?page_id=24\" target=\"_blank\" rel=\"noopener\">73<\/a>\u00b4 e Sempre Alerta Para Servir!<\/em><\/span><\/p>\n<p style=\"text-align: justify;\"><span style=\"color: #ff0000;\"><a style=\"color: #ff0000;\" href=\"https:\/\/py2gw.qsl.br\/?p=1557\" target=\"_blank\" rel=\"noopener\"><em>Miro de Paula<\/em><\/a><\/span><\/p>\n<p><span style=\"color: #ff0000;\"><strong>PARA INICIAR O MICROCURSO, COMECE POR AQUI: <a style=\"color: #ff0000;\" title=\"INDEX\" href=\"https:\/\/curso.mirop.dev.br\/?page_id=12\" target=\"_blank\" rel=\"noopener\">INDEX<\/a>!<\/strong><\/span><\/p>\n<hr \/>\n<p style=\"text-align: justify;\"><span style=\"color: #000000;\">*\u00a0Para Gabi Albuquerque, minha incans\u00e1vel e compreensiva esposa e companheira, pois sem o seu apoio nem mesmo essas poucas p\u00e1ginas teriam sido escritas.<\/span><\/p>\n<div id=\"icpbravoaccess_loaded\"><\/div>\n","protected":false},"excerpt":{"rendered":"<p>O presente Microcurso B\u00e1sico* pretende t\u00e3o somente dar as primeiras li\u00e7\u00f5es de Radioamadorismo aos jovens do Grupo Escoteiro Tabapu\u00e3 (154\/S\u00e3o Paulo, Capital), para que eles possam ter as m\u00ednimas no\u00e7\u00f5es do maravilhoso mundo do Radioamadorismo, voltado para o Escotismo. Certamente os escoteiros ter\u00e3o mais a nos ensinar do que n\u00f3s a eles, em todo caso, [&hellip;]<\/p>\n","protected":false},"author":2,"featured_media":0,"parent":0,"menu_order":2,"comment_status":"open","ping_status":"closed","template":"","meta":{"footnotes":""},"class_list":["post-2","page","type-page","status-publish","hentry"],"_links":{"self":[{"href":"https:\/\/curso.mirop.dev.br\/index.php?rest_route=\/wp\/v2\/pages\/2","targetHints":{"allow":["GET"]}}],"collection":[{"href":"https:\/\/curso.mirop.dev.br\/index.php?rest_route=\/wp\/v2\/pages"}],"about":[{"href":"https:\/\/curso.mirop.dev.br\/index.php?rest_route=\/wp\/v2\/types\/page"}],"author":[{"embeddable":true,"href":"https:\/\/curso.mirop.dev.br\/index.php?rest_route=\/wp\/v2\/users\/2"}],"replies":[{"embeddable":true,"href":"https:\/\/curso.mirop.dev.br\/index.php?rest_route=%2Fwp%2Fv2%2Fcomments&post=2"}],"version-history":[{"count":40,"href":"https:\/\/curso.mirop.dev.br\/index.php?rest_route=\/wp\/v2\/pages\/2\/revisions"}],"predecessor-version":[{"id":431,"href":"https:\/\/curso.mirop.dev.br\/index.php?rest_route=\/wp\/v2\/pages\/2\/revisions\/431"}],"wp:attachment":[{"href":"https:\/\/curso.mirop.dev.br\/index.php?rest_route=%2Fwp%2Fv2%2Fmedia&parent=2"}],"curies":[{"name":"wp","href":"https:\/\/api.w.org\/{rel}","templated":true}]}}