{"id":18,"date":"2012-08-19T00:16:56","date_gmt":"2012-08-19T00:16:56","guid":{"rendered":"https:\/\/curso.mirop.dev.br\/?page_id=18"},"modified":"2025-11-02T11:40:51","modified_gmt":"2025-11-02T14:40:51","slug":"o-coer-certificado-de-operador","status":"publish","type":"page","link":"https:\/\/curso.mirop.dev.br\/?page_id=18","title":{"rendered":"Certificado de Operador"},"content":{"rendered":"<hr \/>\n<p><a href=\"https:\/\/curso.mirop.dev.br\/wp-content\/uploads\/2012\/08\/COER-novo.png\"><img loading=\"lazy\" decoding=\"async\" class=\"alignnone  wp-image-242\" src=\"https:\/\/curso.mirop.dev.br\/wp-content\/uploads\/2012\/08\/COER-novo-300x123.png\" alt=\"COER novo\" width=\"620\" height=\"254\" srcset=\"https:\/\/curso.mirop.dev.br\/wp-content\/uploads\/2012\/08\/COER-novo-300x123.png 300w, https:\/\/curso.mirop.dev.br\/wp-content\/uploads\/2012\/08\/COER-novo-768x314.png 768w, https:\/\/curso.mirop.dev.br\/wp-content\/uploads\/2012\/08\/COER-novo-1024x419.png 1024w, https:\/\/curso.mirop.dev.br\/wp-content\/uploads\/2012\/08\/COER-novo-624x255.png 624w\" sizes=\"auto, (max-width: 620px) 100vw, 620px\" \/><\/a><\/p>\n<p style=\"text-align: justify;\"><span style=\"color: #000000;\">O <strong>Certificado de Operador de Esta\u00e7\u00e3o de Radioamador<\/strong> (COER) \u00e9 o documento expedido pela ANATEL \u00e0 pessoa f\u00edsica que tenha comprovado ser possuidora de capacidade t\u00e9cnica para operar esta\u00e7\u00e3o de radioamador.<\/span><br \/>\n<span style=\"color: #000000;\"> Para obten\u00e7\u00e3o do COER \u00e9 necess\u00e1ria aprova\u00e7\u00e3o em testes de avalia\u00e7\u00e3o, cujas mat\u00e9rias variam de acordo com a classe do COER (C, B ou A).<\/span><\/p>\n<p style=\"text-align: justify;\"><span style=\"color: #000000;\">*<strong>Classe C<\/strong>: T\u00e9cnica e \u00c9tica Operacional e Legisla\u00e7\u00e3o de Telecomunica\u00e7\u00f5es.<\/span><\/p>\n<p style=\"text-align: justify;\"><span style=\"color: #000000;\">*<strong>Classe B<\/strong>: T\u00e9cnica e \u00c9tica Operacional, Legisla\u00e7\u00e3o de Telecomunica\u00e7\u00f5es, Conhecimentos B\u00e1sicos de Eletr\u00f4nica e Eletricidade e Transmiss\u00e3o e Recep\u00e7\u00e3o Auditiva de Sinais em <a href=\"https:\/\/curso.mirop.dev.br\/?page_id=35\"><span style=\"color: #000000;\">C\u00f3digo Morse<\/span><\/a>.<\/span><\/p>\n<p style=\"text-align: justify;\"><span style=\"color: #000000;\">*<strong>Classe A<\/strong>: T\u00e9cnica e \u00c9tica Operacional, Legisla\u00e7\u00e3o de Telecomunica\u00e7\u00f5es, Conhecimentos T\u00e9cnicos de Eletr\u00f4nica e Eletricidade.<\/span><\/p>\n<p style=\"text-align: justify;\"><span style=\"color: #000000;\">Observa\u00e7\u00f5es:<\/span><\/p>\n<p style=\"text-align: justify;\"><span style=\"color: #000000;\">Menores de 18 anos s\u00f3 podem solicitar o COER classe B ap\u00f3s decorridos 2 anos da data de expedi\u00e7\u00e3o do COER classe C. Para ser classe A, \u00e9 preciso um ano de expedi\u00e7\u00e3o do COER classe B.<\/span><\/p>\n<p style=\"text-align: justify;\"><span style=\"color: #000000;\">Documentos Necess\u00e1rios:<\/span><\/p>\n<p style=\"text-align: justify;\"><span style=\"color: #000000;\">Documento de identidade original e CPF original.<\/span><\/p>\n<p style=\"text-align: justify;\"><span style=\"color: #000000;\">Canais de Presta\u00e7\u00e3o de Servi\u00e7o:<\/span><\/p>\n<p style=\"text-align: justify;\"><span style=\"color: #000000;\">Presencial: O servi\u00e7o \u00e9 prestado pelo \u00f3rg\u00e3o no endere\u00e7o informado abaixo.<\/span><\/p>\n<p style=\"text-align: justify;\"><span style=\"color: #000000;\">Eletr\u00f4nico: <a href=\"http:\/\/sistemas.anatel.gov.br\/sis\/LoginInternet.asp?codSistema=435&amp;Pagina=http%3A%2F%2Fsistemas.anatel.gov.br%2Fsec%2FDefault.asp%3F&amp;Aviso=1\" target=\"_blank\"><span style=\"color: #000000;\">SEC &#8211; Sistema de Emiss\u00e3o de Certificado de Radioperador<\/span><\/a><\/span><\/p>\n<p style=\"text-align: justify;\"><span style=\"color: #000000;\">\u00d3rg\u00e3o Respons\u00e1vel: <span style=\"color: #ff0000;\"><a style=\"color: #ff0000;\" href=\"https:\/\/www.gov.br\/anatel\/pt-br\" target=\"_blank\">Ag\u00eancia Nacional de Telecomunica\u00e7\u00f5es &#8211; Anatel<\/a><\/span><\/span><\/p>\n<p style=\"text-align: justify;\"><span style=\"color: #000000;\">\u00d3rg\u00e3o Prestador:\u00a0\u00a0\u00a0\u00a0 Ag\u00eancia Nacional de Telecomunica\u00e7\u00f5es &#8211; Anatel<\/span><\/p>\n<p style=\"text-align: justify;\"><span style=\"color: #000000;\">SAUS Quadra 06, Bloco F, T\u00e9rreo, Bras\u00edlia &#8211; DF, CEP 70070-940<\/span><\/p>\n<p style=\"text-align: justify;\"><span style=\"color: #000000;\">Telefone: (061) 2312-2264<\/span><\/p>\n<p style=\"text-align: justify;\"><span style=\"color: #000000;\"><strong>S\u00e3o Paulo &#8211; Escrit\u00f3rio Regional 01 \/ Gerente: <\/strong><strong>Everaldo Gomes Ferreira<\/strong><\/span><\/p>\n<p style=\"text-align: justify;\"><span style=\"color: #000000;\">Rua Vergueiro n\u00ba 3.073 \/ Vila Mariana<\/span><\/p>\n<p style=\"text-align: justify;\"><span style=\"color: #000000;\">S\u00e3o Paulo \u2013 SP<\/span><\/p>\n<p style=\"text-align: justify;\"><span style=\"color: #000000;\">04101-300<\/span><\/p>\n<p style=\"text-align: justify;\"><span style=\"color: #000000;\">Telefone:\u00a0(11) 2104-8800 \/ Telefax: \u00a0 (11) 2104-8815<\/span><\/p>\n<div id=\"icpbravoaccess_loaded\"><\/div>\n","protected":false},"excerpt":{"rendered":"<p>O Certificado de Operador de Esta\u00e7\u00e3o de Radioamador (COER) \u00e9 o documento expedido pela ANATEL \u00e0 pessoa f\u00edsica que tenha comprovado ser possuidora de capacidade t\u00e9cnica para operar esta\u00e7\u00e3o de radioamador. Para obten\u00e7\u00e3o do COER \u00e9 necess\u00e1ria aprova\u00e7\u00e3o em testes de avalia\u00e7\u00e3o, cujas mat\u00e9rias variam de acordo com a classe do COER (C, B ou [&hellip;]<\/p>\n","protected":false},"author":2,"featured_media":0,"parent":0,"menu_order":0,"comment_status":"open","ping_status":"open","template":"","meta":{"footnotes":""},"class_list":["post-18","page","type-page","status-publish","hentry"],"_links":{"self":[{"href":"https:\/\/curso.mirop.dev.br\/index.php?rest_route=\/wp\/v2\/pages\/18","targetHints":{"allow":["GET"]}}],"collection":[{"href":"https:\/\/curso.mirop.dev.br\/index.php?rest_route=\/wp\/v2\/pages"}],"about":[{"href":"https:\/\/curso.mirop.dev.br\/index.php?rest_route=\/wp\/v2\/types\/page"}],"author":[{"embeddable":true,"href":"https:\/\/curso.mirop.dev.br\/index.php?rest_route=\/wp\/v2\/users\/2"}],"replies":[{"embeddable":true,"href":"https:\/\/curso.mirop.dev.br\/index.php?rest_route=%2Fwp%2Fv2%2Fcomments&post=18"}],"version-history":[{"count":13,"href":"https:\/\/curso.mirop.dev.br\/index.php?rest_route=\/wp\/v2\/pages\/18\/revisions"}],"predecessor-version":[{"id":379,"href":"https:\/\/curso.mirop.dev.br\/index.php?rest_route=\/wp\/v2\/pages\/18\/revisions\/379"}],"wp:attachment":[{"href":"https:\/\/curso.mirop.dev.br\/index.php?rest_route=%2Fwp%2Fv2%2Fmedia&parent=18"}],"curies":[{"name":"wp","href":"https:\/\/api.w.org\/{rel}","templated":true}]}}