{"id":163,"date":"2014-10-23T16:17:41","date_gmt":"2014-10-23T19:17:41","guid":{"rendered":"https:\/\/curso.mirop.dev.br\/?page_id=163"},"modified":"2025-11-26T20:29:22","modified_gmt":"2025-11-26T23:29:22","slug":"procedimentos-para-as-provas-da-anatel","status":"publish","type":"page","link":"https:\/\/curso.mirop.dev.br\/?page_id=163","title":{"rendered":"Procedimentos para as Provas da Anatel"},"content":{"rendered":"<hr \/>\n<p style=\"text-align: justify;\" align=\"LEFT\"><span style=\"color: #000000;\"><strong>PROCEDIMENTOS DE TESTES DE COMPROVA\u00c7\u00c3O DE CAPACIDADE<\/strong><\/span><\/p>\n<p style=\"text-align: justify;\" align=\"LEFT\"><span style=\"color: #ff0000;\"><strong>ATEN\u00c7\u00c3O: EST\u00c1 EM MUDAN\u00c7A A LEGISLA\u00c7\u00c3O da Anatel &#8211; Aguardem!<\/strong><\/span><\/p>\n<p style=\"text-align: justify;\" align=\"LEFT\"><span style=\"color: #000000;\">Para executar o <span style=\"color: #ff0000;\"><a style=\"color: #ff0000;\" href=\"https:\/\/www.gov.br\/pt-br\/servicos\/obter-autorizacao-para-servico-de-radioamador\" target=\"_blank\">Servi\u00e7o de Radioamador<\/a><\/span> se faz necess\u00e1rio que o interessado seja titular de Certificado de Operador de Esta\u00e7\u00e3o de Radioamador &#8211; <strong>COER<\/strong><\/span><span style=\"color: #000000;\">, que o COER ser\u00e1 concedido aos aprovados em testes de avalia\u00e7\u00e3o.<\/span><\/p>\n<p style=\"text-align: justify;\" align=\"LEFT\"><span style=\"color: #ff0000; font-size: 1rem; font-family: Arial;\"><a style=\"color: #ff0000;\" href=\"https:\/\/curso.mirop.dev.br\/?page_id=28\" target=\"_blank\">Veja a legisla\u00e7\u00e3o completa aqui<\/a><\/span><\/p>\n<p style=\"text-align: justify;\" align=\"LEFT\"><span style=\"font-family: Arial;\">Para continuar lendo sobre esse assunto, c<\/span><span style=\"color: #000000; font-size: 1rem;\">lique no link abaixo:<\/span><\/p>\n<p style=\"text-align: justify;\" align=\"LEFT\"><span style=\"color: #000000;\"><a href=\"https:\/\/curso.mirop.dev.br\/provaanatel.pdf\" target=\"_blank\"><span style=\"color: #000000;\">https:\/\/curso.mirop.dev.br\/provaanatel.pdf<\/span><\/a><\/span><\/p>\n","protected":false},"excerpt":{"rendered":"<p>PROCEDIMENTOS DE TESTES DE COMPROVA\u00c7\u00c3O DE CAPACIDADE ATEN\u00c7\u00c3O: EST\u00c1 EM MUDAN\u00c7A A LEGISLA\u00c7\u00c3O da Anatel &#8211; Aguardem! Para executar o Servi\u00e7o de Radioamador se faz necess\u00e1rio que o interessado seja titular de Certificado de Operador de Esta\u00e7\u00e3o de Radioamador &#8211; COER, que o COER ser\u00e1 concedido aos aprovados em testes de avalia\u00e7\u00e3o. Veja a legisla\u00e7\u00e3o [&hellip;]<\/p>\n","protected":false},"author":2,"featured_media":0,"parent":0,"menu_order":0,"comment_status":"open","ping_status":"closed","template":"","meta":{"footnotes":""},"class_list":["post-163","page","type-page","status-publish","hentry"],"_links":{"self":[{"href":"https:\/\/curso.mirop.dev.br\/index.php?rest_route=\/wp\/v2\/pages\/163","targetHints":{"allow":["GET"]}}],"collection":[{"href":"https:\/\/curso.mirop.dev.br\/index.php?rest_route=\/wp\/v2\/pages"}],"about":[{"href":"https:\/\/curso.mirop.dev.br\/index.php?rest_route=\/wp\/v2\/types\/page"}],"author":[{"embeddable":true,"href":"https:\/\/curso.mirop.dev.br\/index.php?rest_route=\/wp\/v2\/users\/2"}],"replies":[{"embeddable":true,"href":"https:\/\/curso.mirop.dev.br\/index.php?rest_route=%2Fwp%2Fv2%2Fcomments&post=163"}],"version-history":[{"count":10,"href":"https:\/\/curso.mirop.dev.br\/index.php?rest_route=\/wp\/v2\/pages\/163\/revisions"}],"predecessor-version":[{"id":420,"href":"https:\/\/curso.mirop.dev.br\/index.php?rest_route=\/wp\/v2\/pages\/163\/revisions\/420"}],"wp:attachment":[{"href":"https:\/\/curso.mirop.dev.br\/index.php?rest_route=%2Fwp%2Fv2%2Fmedia&parent=163"}],"curies":[{"name":"wp","href":"https:\/\/api.w.org\/{rel}","templated":true}]}}