{"id":157,"date":"2014-10-07T17:37:54","date_gmt":"2014-10-07T20:37:54","guid":{"rendered":"https:\/\/curso.mirop.dev.br\/?page_id=157"},"modified":"2022-01-07T15:07:37","modified_gmt":"2022-01-07T18:07:37","slug":"rener-rede-nacional-de-emergencia-de-radioamadores","status":"publish","type":"page","link":"https:\/\/curso.mirop.dev.br\/?page_id=157","title":{"rendered":"RENER &#8211; Rede Nacional de Emerg\u00eancia de Radioamadores"},"content":{"rendered":"<hr \/>\n<p style=\"text-align: justify;\"><span style=\"color: #000000;\">A<strong>\u00a0Rede Nacional de Emerg\u00eancia de Radioamadores<\/strong>\u00a0&#8211;\u00a0<a href=\"https:\/\/rener-radioamadores.blogspot.com\/\" target=\"_blank\"><strong>RENER<\/strong><\/a>\u00a0foi criada pela\u00a0Portaria Ministerial MI-302, de 24 de outubro de 2001, publicada no Di\u00e1rio Oficial da Uni\u00e3o n \u00ba 201, Se\u00e7\u00e3o I, de 26 de outubro de 2001, com o objetivo de suprir os meios de comunica\u00e7\u00f5es usuais, quando os mesmos n\u00e3o puderem ser acionados, em raz\u00e3o de desastre, situa\u00e7\u00e3o de emerg\u00eancia ou estado de calamidade p\u00fablica.<\/span><\/p>\n<p style=\"text-align: justify;\"><span style=\"color: #000000;\">O <strong>Radioamador<\/strong>, ao longo dos tempos e no mundo todo, tem demonstrado a import\u00e2ncia das comunica\u00e7\u00f5es, quando chamado para ajudar em situa\u00e7\u00f5es nas quais o seu servi\u00e7o humanit\u00e1rio e volunt\u00e1rio seja colocado \u00e0 disposi\u00e7\u00e3o das autoridades e em benef\u00edcio da popula\u00e7\u00e3o.<\/span><\/p>\n<p style=\"text-align: justify;\"><span style=\"color: #000000;\">Pa\u00edses como Estados Unidos da Am\u00e9rica, Jap\u00e3o, M\u00e9xico, Espanha, Col\u00f4mbia, Argentina, para citar alguns, possuem Redes de Emerg\u00eancia de Radioamadores, integrada com as autoridades competentes, sempre dispon\u00edveis e operantes, nas situa\u00e7\u00f5es de terremotos, inunda\u00e7\u00f5es, desabamentos, deslizamentos, inc\u00eandios florestais, epidemias, furac\u00f5es, secas, busca e salvamento de aeronaves e embarca\u00e7\u00f5es e outras.<\/span><\/p>\n<p style=\"text-align: justify;\"><span style=\"color: #000000;\">O Minist\u00e9rio da Integra\u00e7\u00e3o, criando a <a href=\"https:\/\/rener-radioamadores.blogspot.com\/\" target=\"_blank\">RENER<\/a> e colocando a Liga de Amadores Brasileiros de R\u00e1dio Emiss\u00e3o &#8211; <a href=\"https:\/\/labre.org.br\/\" target=\"_blank\">LABRE<\/a> como coordenadora da opera\u00e7\u00e3o conjunta Defesa Civil e Radioamadores reconhece, oficialmente, o valor do radioamadorismo e dos Radioamadores brasileiros.<\/span><\/p>\n<p style=\"text-align: justify;\"><span style=\"color: #000000;\">Minist\u00e9rio da Integra\u00e7\u00e3o Nacional<\/span><br \/>\n<span style=\"color: #000000;\"> Secretaria Nacional de Prote\u00e7\u00e3o e Defesa Civil<\/span><br \/>\n<span style=\"color: #000000;\"><a href=\"https:\/\/labre.org.br\/\" target=\"_blank\">Liga de Amadores Brasileiros de R\u00e1dio Emiss\u00e3o<\/a> &#8211; LABRE<\/span><br \/>\n<span style=\"color: #000000;\"><a href=\"https:\/\/rener-radioamadores.blogspot.com\/\" target=\"_blank\">Rede Nacional de Emerg\u00eancia de Radioamadores<\/a> &#8211; RENER<\/span><br \/>\n<span style=\"color: #000000;\"> Tel.:\u00a0(61) 3214-0669<\/span><br \/>\n<span style=\"color: #000000;\"> <a href=\"mailto:rener@integracao.gov.br\"><span style=\"color: #000000;\">rener@integracao.gov.br<\/span><\/a><\/span><\/p>\n<div id=\"icpbravoaccess_loaded\"><\/div>\n<div id=\"icpbravoaccess_loaded\"><\/div>\n<div id=\"icpbravoaccess_loaded\"><\/div>\n","protected":false},"excerpt":{"rendered":"<p>A\u00a0Rede Nacional de Emerg\u00eancia de Radioamadores\u00a0&#8211;\u00a0RENER\u00a0foi criada pela\u00a0Portaria Ministerial MI-302, de 24 de outubro de 2001, publicada no Di\u00e1rio Oficial da Uni\u00e3o n \u00ba 201, Se\u00e7\u00e3o I, de 26 de outubro de 2001, com o objetivo de suprir os meios de comunica\u00e7\u00f5es usuais, quando os mesmos n\u00e3o puderem ser acionados, em raz\u00e3o de desastre, situa\u00e7\u00e3o [&hellip;]<\/p>\n","protected":false},"author":2,"featured_media":0,"parent":0,"menu_order":0,"comment_status":"open","ping_status":"open","template":"","meta":{"footnotes":""},"class_list":["post-157","page","type-page","status-publish","hentry"],"_links":{"self":[{"href":"https:\/\/curso.mirop.dev.br\/index.php?rest_route=\/wp\/v2\/pages\/157","targetHints":{"allow":["GET"]}}],"collection":[{"href":"https:\/\/curso.mirop.dev.br\/index.php?rest_route=\/wp\/v2\/pages"}],"about":[{"href":"https:\/\/curso.mirop.dev.br\/index.php?rest_route=\/wp\/v2\/types\/page"}],"author":[{"embeddable":true,"href":"https:\/\/curso.mirop.dev.br\/index.php?rest_route=\/wp\/v2\/users\/2"}],"replies":[{"embeddable":true,"href":"https:\/\/curso.mirop.dev.br\/index.php?rest_route=%2Fwp%2Fv2%2Fcomments&post=157"}],"version-history":[{"count":9,"href":"https:\/\/curso.mirop.dev.br\/index.php?rest_route=\/wp\/v2\/pages\/157\/revisions"}],"predecessor-version":[{"id":319,"href":"https:\/\/curso.mirop.dev.br\/index.php?rest_route=\/wp\/v2\/pages\/157\/revisions\/319"}],"wp:attachment":[{"href":"https:\/\/curso.mirop.dev.br\/index.php?rest_route=%2Fwp%2Fv2%2Fmedia&parent=157"}],"curies":[{"name":"wp","href":"https:\/\/api.w.org\/{rel}","templated":true}]}}