{"id":15,"date":"2012-08-19T00:10:51","date_gmt":"2012-08-19T00:10:51","guid":{"rendered":"https:\/\/curso.mirop.dev.br\/?page_id=15"},"modified":"2025-11-02T11:37:31","modified_gmt":"2025-11-02T14:37:31","slug":"o-que-e-radioamadorismo","status":"publish","type":"page","link":"https:\/\/curso.mirop.dev.br\/?page_id=15","title":{"rendered":"Radioamadorismo"},"content":{"rendered":"<hr \/>\n<p style=\"text-align: justify;\"><span style=\"color: #000000;\">O <span style=\"color: #ff0000;\"><a style=\"color: #ff0000;\" href=\"https:\/\/escoteiros.radio.br\/\" target=\"_blank\"><strong>Radioamadorismo<\/strong><\/a><\/span> \u00e9 um hobby cient\u00edfico praticado em quase todos os pa\u00edses do mundo por pessoas habilitadas e licenciadas por autoridades, para a intercomunica\u00e7\u00e3o e estudos t\u00e9cnicos sem motivo de lucro. Ao contr\u00e1rio de outros hobbies, o radioamadorismo possui legisla\u00e7\u00e3o nacional e internacional que regulamenta as condi\u00e7\u00f5es de uso e as frequ\u00eancias de r\u00e1dio destinadas \u00e0 atividade, e que obrigatoriamente deve ser seguida pelos seus praticantes, chamados de radioamadores.<\/span><\/p>\n<p style=\"text-align: justify;\"><span style=\"color: #000000;\"><strong>Quem s\u00e3o os Radioamadores?<\/strong><\/span><\/p>\n<p style=\"text-align: justify;\"><span style=\"color: #000000;\">Conforme ensina o Professor J\u00falio Ross em sua obra \u201cComo se tornar Radiomador\u201d, in Livro do T\u00e9cnico: \u201cNo in\u00edcio do s\u00e9culo XX, os radioamadores foram os primeiros Nerds. Por mais de 100 anos, eles constru\u00edram m\u00e1quinas, inventaram novos meios de usar as ondas de r\u00e1dios e revolucionaram o modo de se comunicar.<\/span><\/p>\n<p style=\"text-align: justify;\"><span style=\"color: #000000;\">Muito antes das redes sociais, os radioamadores j\u00e1 tinham milhares de amigos ao redor do mundo. Eles podiam conversar com v\u00e1rias pessoas gratuitamente e em tempo real. N\u00e3o importava se elas estavam na mesma cidade ou a milhares de quil\u00f3metros de dist\u00e2ncia, os radioamadores podiam conversar a vontade sem se preocuparem com a conta de telefone.<\/span><\/p>\n<p style=\"text-align: justify;\"><span style=\"color: #000000;\">Durante muitas d\u00e9cadas, os radioamadores foram a \u00fanica rede de comunica\u00e7\u00e3o r\u00e1pida e confi\u00e1vel e com cobertura mundial. Por isso, al\u00e9m do prazer em se comunicar, os radioamadores assumiram um papel decisivo em momentos hist\u00f3ricos. A ajuda dos radioamadores foi decisiva para os aliados vencerem a II Guerra Mundial. O apoio dos radioamadores em grandes calamidades p\u00fablicas salvou milhares de vidas. Mesmo em pequenos eventos, como solicitar um rem\u00e9dio para algu\u00e9m que estava entre a vida e morte, n\u00e3o seria poss\u00edvel sem a rede de comunica\u00e7\u00e3o formada por radioamadores. Com a moderniza\u00e7\u00e3o das comunica\u00e7\u00f5es e o surgimento do celular e da Internet, o papel dos radioamadores diminuiu. Por\u00e9m, quando todos os outros meios de comunica\u00e7\u00f5es falham, s\u00e3o os radioamadores que aparecem com seus pr\u00f3prios recursos e equipamentos para manter o fluxo de informa\u00e7\u00f5es.<\/span><\/p>\n<p style=\"text-align: justify;\"><span style=\"color: #000000;\">Em 11 de setembro de 2001, a cidade de Nova York sofreu o maior ataque terrorista em solo norte-americano. Todos os sistemas de comunica\u00e7\u00e3o modernos falharam. A rede de telefonia fixa e celular entraram em colapso; a Internet ficou sobrecarregada; n\u00e3o havia como saber o que estava acontecendo. Em poucas horas, os radioamadores locais montaram uma rede de comunica\u00e7\u00e3o emergencial para dar apoio aos bombeiros, pol\u00edcia e civis.<\/span><\/p>\n<p style=\"text-align: justify;\"><span style=\"color: #000000;\">Na manh\u00e3 seguinte ao Natal de 2004, um tsunami atingiu o sudeste asi\u00e1tico e matou 285 mil pessoas. Rapidamente, uma rede de comunica\u00e7\u00e3o de escala mundial se formou nas frequ\u00eancias operadas por radioamadores para tr\u00e1fego de informa\u00e7\u00f5es sobre sobreviventes em locais isolados em v\u00e1rios pa\u00edses. Sem a ajuda dos radioamadores, o n\u00famero de mortos poderia ter dobrado por falta de socorro aos feridos, \u00e1gua e alimenta\u00e7\u00e3o.<\/span><\/p>\n<p style=\"text-align: justify;\"><span style=\"color: #000000;\">Mais recentemente, os radioamadores brasileiros entraram em a\u00e7\u00e3o durante v\u00e1rias calamidades causadas por chuvas nos Estados de Paran\u00e1, Santa Catarina e Rio de Janeiro. Em janeiro de 2011, v\u00e1rias cidades da regi\u00e3o serrana do Rio de Janeiro foram palco da maior trag\u00e9dia brasileira. V\u00e1rios deslizamentos de terra provocados por um temporal arrasou ruas e casas, deixando cerca de 1.000 mortos e desaparecidos. Mais uma vez os radioamadores tiveram papel importante em estabelecer uma rede de comunica\u00e7\u00e3o de emerg\u00eancia em conjunto com Defesa Civil e Corpo de Bombeiros para ajudar na localiza\u00e7\u00e3o e resgate de pessoas feridas e isoladas.<\/span><\/p>\n<p style=\"text-align: justify;\"><span style=\"color: #000000;\">Portanto, os radioamadores s\u00e3o seres humanos, cidad\u00e3os comuns que se divertem inventando coisas, experimentando novas formas de usar as ondas de r\u00e1dio, fazendo amigos ao redor do mundo; mas quando necess\u00e1rio usam seus pr\u00f3prios recursos para ajudar quando tudo mais falhar\u201d.<\/span><\/p>\n<p style=\"text-align: justify;\"><span style=\"color: #000000;\"><strong>Uso de Radiofrequ\u00eancia<\/strong>:<\/span><\/p>\n<p style=\"text-align: justify;\"><span style=\"color: #000000;\">Na mesma obra vimos que \u201cem alguns casos \u00e9 poss\u00edvel utilizar radiofrequ\u00eancias ou faixas de radiofrequ\u00eancias sem autoriza\u00e7\u00e3o da <span style=\"color: #ff0000;\"><a style=\"color: #ff0000;\" href=\"https:\/\/www.gov.br\/anatel\/pt-br\" target=\"_blank\">Anatel<\/a><\/span>, desde que para uso pr\u00f3prio, ou seja, atividades que n\u00e3o envolvam presta\u00e7\u00e3o de servi\u00e7os. Os equipamentos utilizados nessa situa\u00e7\u00e3o s\u00e3o chamados de equipamentos de &#8220;radia\u00e7\u00e3o restrita&#8221;. Aprovado pela Resolu\u00e7\u00e3o 506\/2008, o Regulamento sobre Equipamentos de Radiocomunica\u00e7\u00e3o de Radia\u00e7\u00e3o Restrita define os casos em que a autoriza\u00e7\u00e3o de uso de radiofrequ\u00eancia n\u00e3o \u00e9 exigida. Alguns exemplos de equipamentos que podem ser considerados como de radia\u00e7\u00e3o restrita, desde que atendam os par\u00e2metros estabelecidos no Regulamento s\u00e3o: microfone sem fio; controle remoto; telefone sem fio; rede de computadores sem fio.<\/span><\/p>\n<p style=\"text-align: justify;\"><span style=\"color: #000000;\">J\u00falio Ross \u2013 <a href=\"mailto:julioross@msm.com\" target=\"_blank\"><span style=\"color: #000000;\">julioross@msm.com<\/span><\/a><\/span><\/p>\n<p style=\"text-align: justify;\"><span style=\"color: #000000;\">Para saber mais: <span style=\"color: #ff0000;\"><a style=\"color: #ff0000;\" href=\"http:\/\/pt.wikipedia.org\/wiki\/Radioamadorismo\" target=\"_blank\">http:\/\/pt.wikipedia.org\/wiki\/Radioamadorismo<\/a><\/span><\/span><\/p>\n<div id=\"icpbravoaccess_loaded\"><\/div>\n<div id=\"icpbravoaccess_loaded\"><\/div>\n","protected":false},"excerpt":{"rendered":"<p>O Radioamadorismo \u00e9 um hobby cient\u00edfico praticado em quase todos os pa\u00edses do mundo por pessoas habilitadas e licenciadas por autoridades, para a intercomunica\u00e7\u00e3o e estudos t\u00e9cnicos sem motivo de lucro. Ao contr\u00e1rio de outros hobbies, o radioamadorismo possui legisla\u00e7\u00e3o nacional e internacional que regulamenta as condi\u00e7\u00f5es de uso e as frequ\u00eancias de r\u00e1dio destinadas [&hellip;]<\/p>\n","protected":false},"author":2,"featured_media":0,"parent":0,"menu_order":3,"comment_status":"open","ping_status":"open","template":"","meta":{"footnotes":""},"class_list":["post-15","page","type-page","status-publish","hentry"],"_links":{"self":[{"href":"https:\/\/curso.mirop.dev.br\/index.php?rest_route=\/wp\/v2\/pages\/15","targetHints":{"allow":["GET"]}}],"collection":[{"href":"https:\/\/curso.mirop.dev.br\/index.php?rest_route=\/wp\/v2\/pages"}],"about":[{"href":"https:\/\/curso.mirop.dev.br\/index.php?rest_route=\/wp\/v2\/types\/page"}],"author":[{"embeddable":true,"href":"https:\/\/curso.mirop.dev.br\/index.php?rest_route=\/wp\/v2\/users\/2"}],"replies":[{"embeddable":true,"href":"https:\/\/curso.mirop.dev.br\/index.php?rest_route=%2Fwp%2Fv2%2Fcomments&post=15"}],"version-history":[{"count":12,"href":"https:\/\/curso.mirop.dev.br\/index.php?rest_route=\/wp\/v2\/pages\/15\/revisions"}],"predecessor-version":[{"id":378,"href":"https:\/\/curso.mirop.dev.br\/index.php?rest_route=\/wp\/v2\/pages\/15\/revisions\/378"}],"wp:attachment":[{"href":"https:\/\/curso.mirop.dev.br\/index.php?rest_route=%2Fwp%2Fv2%2Fmedia&parent=15"}],"curies":[{"name":"wp","href":"https:\/\/api.w.org\/{rel}","templated":true}]}}