{"id":125,"date":"2014-08-20T23:37:12","date_gmt":"2014-08-21T02:37:12","guid":{"rendered":"https:\/\/curso.mirop.dev.br\/?page_id=125"},"modified":"2022-01-07T15:19:50","modified_gmt":"2022-01-07T18:19:50","slug":"acontece","status":"publish","type":"page","link":"https:\/\/curso.mirop.dev.br\/?page_id=125","title":{"rendered":"&#8212;  QTC  &#8212;  Acontece  &#8212;  Not\u00edcia  &#8212;"},"content":{"rendered":"<hr \/>\n<p><a href=\"https:\/\/curso.mirop.dev.br\/wp-content\/uploads\/2014\/08\/image.jpg\"><img loading=\"lazy\" decoding=\"async\" class=\"alignleft wp-image-126 size-medium\" src=\"https:\/\/curso.mirop.dev.br\/wp-content\/uploads\/2014\/08\/image-300x268.jpg\" alt=\"image\" width=\"300\" height=\"268\" srcset=\"https:\/\/curso.mirop.dev.br\/wp-content\/uploads\/2014\/08\/image-300x268.jpg 300w, https:\/\/curso.mirop.dev.br\/wp-content\/uploads\/2014\/08\/image-624x558.jpg 624w, https:\/\/curso.mirop.dev.br\/wp-content\/uploads\/2014\/08\/image.jpg 681w\" sizes=\"auto, (max-width: 300px) 100vw, 300px\" \/><\/a><\/p>\n<p>&nbsp;<\/p>\n<p style=\"text-align: justify;\"><span style=\"color: #000000;\"><strong>Conven\u00e7\u00e3o Nacional de Radioamadores da LABRE<\/strong><\/span><\/p>\n<p style=\"text-align: justify;\"><span style=\"color: #000000;\">A LABRE FEDERAL, atrav\u00e9s da LABRE-SP estar\u00e1 realizando na Cidade de Guararema \u2013 SP, de 16 \u00e0 19 de outubro de 2014, a 1\u00aa. Conven\u00e7\u00e3o Nacional de Radioamadorismo, simultaneamente com a Reuni\u00e3o do Conselho Diretor da LABRE.<\/span><\/p>\n<p style=\"text-align: justify;\"><span style=\"color: #000000;\">Pela primeira vez, al\u00e9m das atividades Radioamador\u00edsticas que incluir\u00e3o Palestras, Workshops, Exposi\u00e7\u00f5es de Cart\u00f5es QSLs e Diplomas ativa\u00e7\u00e3o de Esta\u00e7\u00e3o Oficial \u2013 ZV14LABRE e da Esta\u00e7\u00e3o Oficial ZV14JOTA durante o Jamboree, Feira de Comerciantes e Free Market, onde todos os visitantes poder\u00e3o comprar, trocar e vender equipamentos aos expositores, conven\u00e7\u00e3o do GDE e da coordena\u00e7\u00e3o da RENER-SP, teremos atividades sociais para a fam\u00edlia dos Radioamadores.<\/span><\/p>\n<p style=\"text-align: justify;\"><span style=\"color: #000000;\">A LABRE-SP estar\u00e1 coordenando a 1\u00aa. Audi\u00eancia P\u00fablica em prol do Radioamadorismo, onde buscaremos ouvir a comunidade e unir a todos em prol de encontramos solu\u00e7\u00f5es para tirar nosso Hobby do desconhecimento geral que atualmente nos assola.<\/span><\/p>\n<p style=\"text-align: justify;\"><span style=\"color: #000000;\">Ser\u00e1 a primeira e certamente quem participar ficar\u00e1 marcado positivamente para sempre. As vagas para a conven\u00e7\u00e3o ser\u00e3o limitadas, mas participa\u00e7\u00e3o no evento ser\u00e1 franqueada ao p\u00fablico em geral mediante a aquisi\u00e7\u00e3o de convites que tamb\u00e9m ser\u00e3o limitados.<\/span><\/p>\n<p style=\"text-align: justify;\"><span style=\"color: #000000;\">Esperamos encontr\u00e1-lo por l\u00e1.<\/span><br \/>\n<span style=\"color: #000000;\"> 73,<\/span><br \/>\n<span style=\"color: #000000;\"> Marcelo Motoyama \u2013 PY2FN<\/span><br \/>\n<span style=\"color: #000000;\"> Coordenador Geral<\/span><br \/>\n<span style=\"color: #000000;\"> Presidente da LABRE-SP<\/span><\/p>\n<p style=\"text-align: left;\"><span style=\"color: #000000;\">Conhe\u00e7a o Guia de Informa\u00e7\u00f5es detalhadas em: <a title=\"Guia de Informa\u00e7\u00f5es sobre a Conven\u00e7\u00e3o Nacional de Radioamadorismo\" href=\"https:\/\/curso.mirop.dev.br\/convencao%20nacional.pdf\" target=\"_blank\"><span style=\"color: #000000;\">https:\/\/curso.mirop.dev.br\/convencaonacional.pdf<\/span><\/a><\/span><\/p>\n<p style=\"text-align: justify;\">\n<div id=\"icpbravoaccess_loaded\"><\/div>\n","protected":false},"excerpt":{"rendered":"<p>&nbsp; Conven\u00e7\u00e3o Nacional de Radioamadores da LABRE A LABRE FEDERAL, atrav\u00e9s da LABRE-SP estar\u00e1 realizando na Cidade de Guararema \u2013 SP, de 16 \u00e0 19 de outubro de 2014, a 1\u00aa. Conven\u00e7\u00e3o Nacional de Radioamadorismo, simultaneamente com a Reuni\u00e3o do Conselho Diretor da LABRE. Pela primeira vez, al\u00e9m das atividades Radioamador\u00edsticas que incluir\u00e3o Palestras, Workshops, [&hellip;]<\/p>\n","protected":false},"author":2,"featured_media":0,"parent":0,"menu_order":4,"comment_status":"open","ping_status":"open","template":"","meta":{"footnotes":""},"class_list":["post-125","page","type-page","status-publish","hentry"],"_links":{"self":[{"href":"https:\/\/curso.mirop.dev.br\/index.php?rest_route=\/wp\/v2\/pages\/125","targetHints":{"allow":["GET"]}}],"collection":[{"href":"https:\/\/curso.mirop.dev.br\/index.php?rest_route=\/wp\/v2\/pages"}],"about":[{"href":"https:\/\/curso.mirop.dev.br\/index.php?rest_route=\/wp\/v2\/types\/page"}],"author":[{"embeddable":true,"href":"https:\/\/curso.mirop.dev.br\/index.php?rest_route=\/wp\/v2\/users\/2"}],"replies":[{"embeddable":true,"href":"https:\/\/curso.mirop.dev.br\/index.php?rest_route=%2Fwp%2Fv2%2Fcomments&post=125"}],"version-history":[{"count":11,"href":"https:\/\/curso.mirop.dev.br\/index.php?rest_route=\/wp\/v2\/pages\/125\/revisions"}],"predecessor-version":[{"id":323,"href":"https:\/\/curso.mirop.dev.br\/index.php?rest_route=\/wp\/v2\/pages\/125\/revisions\/323"}],"wp:attachment":[{"href":"https:\/\/curso.mirop.dev.br\/index.php?rest_route=%2Fwp%2Fv2%2Fmedia&parent=125"}],"curies":[{"name":"wp","href":"https:\/\/api.w.org\/{rel}","templated":true}]}}