{"id":12,"date":"2012-08-19T00:03:50","date_gmt":"2012-08-19T00:03:50","guid":{"rendered":"https:\/\/curso.mirop.dev.br\/?page_id=12"},"modified":"2025-11-26T20:31:23","modified_gmt":"2025-11-26T23:31:23","slug":"index","status":"publish","type":"page","link":"https:\/\/curso.mirop.dev.br\/?page_id=12","title":{"rendered":"INDEX"},"content":{"rendered":"<hr \/>\n<p style=\"text-align: justify;\"><span style=\"color: #000000;\">Todo o conte\u00fado do <strong>Microcurso B\u00e1sico para Radioamadores<\/strong>\u00a0est\u00e3o nestas poucas p\u00e1ginas.<\/span><\/p>\n<p style=\"text-align: justify;\"><span style=\"color: #000000;\">Em cada um dos itens abaixo (<strong><span style=\"text-decoration: underline;\">clicar neles<\/span><\/strong>) est\u00e3o as informa\u00e7\u00f5es b\u00e1sicas e os links de acesso necess\u00e1rios para impress\u00e3o das apostilas oficiais da Anatel, simulados etc. Tamb\u00e9m est\u00e3o detalhados o passa-a-passo para inscri\u00e7\u00e3o no exame e a mat\u00e9ria que cair\u00e1 em cada uma das provas.<\/span><\/p>\n<p style=\"text-align: justify;\"><span style=\"color: #000000;\">Explore todo o conte\u00fado desse site e veja o que conv\u00e9m imprimir(*) e o que vale a pena consultar online.<\/span><\/p>\n<p><strong><span style=\"color: #000000;\">\u00a0 1<\/span><\/strong><span style=\"color: #ff0000;\"><span style=\"color: #000000;\">&#8211;<\/span> <a style=\"color: #ff0000;\" title=\"Apresenta\u00e7\u00e3o\" href=\"https:\/\/curso.mirop.dev.br\/?page_id=2\" target=\"_blank\">Apresenta\u00e7\u00e3o<\/a>.<\/span><\/p>\n<p><span style=\"color: #ff0000;\"><strong>\u00a0 <span style=\"color: #000000;\">2<\/span><\/strong><span style=\"color: #000000;\">&#8211;<\/span> <a style=\"color: #ff0000;\" href=\"https:\/\/curso.mirop.dev.br\/?page_id=15\" target=\"_blank\">O que \u00e9 Radioamadorismo<\/a>?<\/span><\/p>\n<p><span style=\"color: #ff0000;\"><strong>\u00a0 <span style=\"color: #000000;\">3<\/span><\/strong><span style=\"color: #000000;\">&#8211;<\/span> <a style=\"color: #ff0000;\" href=\"https:\/\/curso.mirop.dev.br\/?page_id=18\" target=\"_blank\">O COER &#8211; Certificado de Operador<\/a>.<\/span><\/p>\n<p><span style=\"color: #ff0000;\"><strong>\u00a0 <span style=\"color: #000000;\">4<\/span><\/strong><span style=\"color: #000000;\">&#8211;<\/span> <a style=\"color: #ff0000;\" href=\"https:\/\/curso.mirop.dev.br\/?page_id=20\" target=\"_blank\">A Licen\u00e7a de Esta\u00e7\u00e3o<\/a>.<\/span><\/p>\n<p><span style=\"color: #ff0000;\"><strong>\u00a0 <span style=\"color: #000000;\">5<\/span><\/strong><span style=\"color: #000000;\">&#8211;<\/span> <a style=\"color: #ff0000;\" href=\"https:\/\/curso.mirop.dev.br\/?page_id=22\" target=\"_blank\">O Alfabeto Internacional<\/a>.<\/span><\/p>\n<p><span style=\"color: #ff0000;\"><strong>\u00a0 <span style=\"color: #000000;\">6<\/span><\/strong><span style=\"color: #000000;\">&#8211;<\/span> <a style=\"color: #ff0000;\" href=\"https:\/\/curso.mirop.dev.br\/?page_id=24\" target=\"_blank\">O C\u00f3digo \u201cQ\u201d para Radioamador<\/a>.<\/span><\/p>\n<p><span style=\"color: #ff0000;\"><strong>\u00a0 <span style=\"color: #000000;\">7<\/span><\/strong><span style=\"color: #000000;\">&#8211;<\/span> <a style=\"color: #ff0000;\" href=\"https:\/\/curso.mirop.dev.br\/?page_id=26\" target=\"_blank\">O Cart\u00e3o QSL<\/a>.<\/span><\/p>\n<p><span style=\"color: #ff0000;\"><strong>\u00a0 <span style=\"color: #000000;\">8<\/span><\/strong><span style=\"color: #000000;\">&#8211;<\/span> <a style=\"color: #ff0000;\" href=\"https:\/\/curso.mirop.dev.br\/?page_id=28\" target=\"_blank\">Legisla\u00e7\u00e3o<\/a>.<\/span><\/p>\n<p><span style=\"color: #ff0000;\"><strong>\u00a0 <span style=\"color: #000000;\">8.1.<\/span><\/strong> <a style=\"color: #ff0000;\" href=\"https:\/\/curso.mirop.dev.br\/?page_id=163\" target=\"_blank\">Provas da Anatel<\/a>.<\/span><\/p>\n<p><span style=\"color: #ff0000;\"><strong>\u00a0 <span style=\"color: #000000;\">9<\/span><\/strong><span style=\"color: #000000;\">&#8211;<\/span> <a style=\"color: #ff0000;\" href=\"https:\/\/curso.mirop.dev.br\/?page_id=30\" target=\"_blank\">Apostilas<\/a>.<\/span><\/p>\n<p><span style=\"color: #ff0000;\"><span style=\"color: #000000;\"><strong>10<\/strong>&#8211;<\/span> <a style=\"color: #ff0000;\" href=\"https:\/\/curso.mirop.dev.br\/?page_id=32\" target=\"_blank\">Simulados de Exames online<\/a>.<\/span><\/p>\n<p><span style=\"color: #ff0000;\"><span style=\"color: #000000;\"><strong>11<\/strong>&#8211;<\/span> <a style=\"color: #ff0000;\" href=\"https:\/\/curso.mirop.dev.br\/?page_id=35\" target=\"_blank\">O C\u00f3digo Morse<\/a>.<\/span><\/p>\n<p><span style=\"color: #ff0000;\"><strong><span style=\"color: #000000;\">11.1.<\/span><\/strong>\u00a0<a style=\"color: #ff0000;\" href=\"https:\/\/qtc.ecra.club\/2020\/06\/curso-cw-tino-pt7aa.html\" target=\"_blank\">Curso de Telegrafia do Tino (SK) PT7AA<\/a>.<\/span><\/p>\n<p><span style=\"color: #ff0000;\"><span style=\"color: #000000;\"><strong>12<\/strong>&#8211;<\/span> <a style=\"color: #ff0000;\" href=\"https:\/\/curso.mirop.dev.br\/?page_id=37\" target=\"_blank\">Radio-escuta<\/a>.<\/span><\/p>\n<p><span style=\"color: #ff0000;\"><span style=\"color: #000000;\"><strong>13<\/strong>&#8211;<\/span> <a style=\"color: #ff0000;\" href=\"https:\/\/curso.mirop.dev.br\/?page_id=39\" target=\"_blank\">Links de Interesse<\/a>.<\/span><\/p>\n<p><span style=\"color: #ff0000;\"><span style=\"color: #000000;\"><strong>14<\/strong>&#8211;<\/span>\u00a0<a style=\"color: #ff0000;\" href=\"https:\/\/curso.mirop.dev.br\/?page_id=108\" target=\"_blank\">Perguntas Frequentes<\/a>.<\/span><\/p>\n<hr \/>\n<p style=\"text-align: justify;\"><strong><span style=\"color: #ff0000;\">*<\/span> <span style=\"color: #000080;\">O uso racional do papel \u00e9 conduta de responsabilidade ambiental e social<\/span><\/strong><span style=\"color: #000080;\">, portanto, economize papel, imprimindo e arquivando apenas o que realmente for necess\u00e1rio e que n\u00e3o possa ser consultado e\/ou arquivado na forma eletr\u00f4nica<\/span>.<\/p>\n<p><a href=\"https:\/\/curso.mirop.dev.br\/wp-content\/uploads\/2014\/08\/image001-e1408587190706.jpg\"><img loading=\"lazy\" decoding=\"async\" class=\"aligncenter size-full wp-image-84\" src=\"https:\/\/curso.mirop.dev.br\/wp-content\/uploads\/2014\/08\/image001-e1408587190706.jpg\" alt=\"image001\" width=\"70\" height=\"85\" \/><\/a><a href=\"https:\/\/curso.mirop.dev.br\/wp-content\/uploads\/2014\/08\/image0031.png\"><img loading=\"lazy\" decoding=\"async\" class=\"aligncenter size-full wp-image-86\" src=\"https:\/\/curso.mirop.dev.br\/wp-content\/uploads\/2014\/08\/image0031.png\" alt=\"image003\" width=\"36\" height=\"51\" \/><\/a><\/p>\n<div id=\"icpbravoaccess_loaded\"><\/div>\n","protected":false},"excerpt":{"rendered":"<p>Todo o conte\u00fado do Microcurso B\u00e1sico para Radioamadores\u00a0est\u00e3o nestas poucas p\u00e1ginas. Em cada um dos itens abaixo (clicar neles) est\u00e3o as informa\u00e7\u00f5es b\u00e1sicas e os links de acesso necess\u00e1rios para impress\u00e3o das apostilas oficiais da Anatel, simulados etc. Tamb\u00e9m est\u00e3o detalhados o passa-a-passo para inscri\u00e7\u00e3o no exame e a mat\u00e9ria que cair\u00e1 em cada uma [&hellip;]<\/p>\n","protected":false},"author":2,"featured_media":0,"parent":0,"menu_order":1,"comment_status":"open","ping_status":"open","template":"","meta":{"footnotes":""},"class_list":["post-12","page","type-page","status-publish","hentry"],"_links":{"self":[{"href":"https:\/\/curso.mirop.dev.br\/index.php?rest_route=\/wp\/v2\/pages\/12","targetHints":{"allow":["GET"]}}],"collection":[{"href":"https:\/\/curso.mirop.dev.br\/index.php?rest_route=\/wp\/v2\/pages"}],"about":[{"href":"https:\/\/curso.mirop.dev.br\/index.php?rest_route=\/wp\/v2\/types\/page"}],"author":[{"embeddable":true,"href":"https:\/\/curso.mirop.dev.br\/index.php?rest_route=\/wp\/v2\/users\/2"}],"replies":[{"embeddable":true,"href":"https:\/\/curso.mirop.dev.br\/index.php?rest_route=%2Fwp%2Fv2%2Fcomments&post=12"}],"version-history":[{"count":42,"href":"https:\/\/curso.mirop.dev.br\/index.php?rest_route=\/wp\/v2\/pages\/12\/revisions"}],"predecessor-version":[{"id":421,"href":"https:\/\/curso.mirop.dev.br\/index.php?rest_route=\/wp\/v2\/pages\/12\/revisions\/421"}],"wp:attachment":[{"href":"https:\/\/curso.mirop.dev.br\/index.php?rest_route=%2Fwp%2Fv2%2Fmedia&parent=12"}],"curies":[{"name":"wp","href":"https:\/\/api.w.org\/{rel}","templated":true}]}}